{"id":170,"date":"2022-10-22T10:14:00","date_gmt":"2022-10-22T10:14:00","guid":{"rendered":"http:\/\/www.zsp3katowice.cal24.pl\/mp38\/?page_id=170"},"modified":"2026-03-19T14:18:08","modified_gmt":"2026-03-19T13:18:08","slug":"kontakt","status":"publish","type":"page","link":"https:\/\/www.zsp3katowice.cal24.pl\/mp38\/kontakt\/","title":{"rendered":"Kontakt"},"content":{"rendered":"\n<p><\/p>\n\n\n\n<figure class=\"wp-block-table is-style-stripes\"><table><tbody><tr><td>Nazwa:<\/td><td><strong>Zesp\u00f3\u0142 Szkolno &#8211; Przedszkolny nr 3 w Katowicach<\/strong><br>ul. Grzegorzka 4<br>40-309 Katowice<\/td><\/tr><tr><td>E-mail przedszkola:<\/td><td><a rel=\"noreferrer noopener\" href=\"https:\/\/poczta.onet.pl\/NowaWiadomosc\/Do\/QlAkBFFKEBx2dgsdBXJ2cQQBfChCchE2Egk%2FZgEXARAfQkFWQwEGF1QnVkFWAwsCBAFWVkQTB3QWAFQDFgJUAxQcSgwUAUBrYQ0ITEAjd2hPKh4IN0o7FkoqLxYXFgZpI1ZRIhYDdg%3D%3D\" target=\"_blank\">przedszkole38@zsp3.katowice.pl<\/a><\/td><\/tr><tr><td>Adres przedszkola:<\/td><td><strong>Przedszkole nr 38<\/strong> <strong>w Katowicach w Zespole Szkolno &#8211; Przedszkolnym nr 3<\/strong><br><strong>w Katowicach<\/strong><br>ul. Gen. J. Hallera 72<br>40-320 Katowice<\/td><\/tr><tr><td>Dyrektor ZSP nr 3:<\/td><td><strong>Dyrektor Zespo\u0142u Szkolno &#8211; Przedszkolnego nr 3 w Katowicach<\/strong><br>mgr Ma\u0142gorzata Papierniak<strong><br><br>przyjmuje rodzic\u00f3w<br>w ka\u017cd\u0105 \u015brod\u0119 od godziny 15.00 do godziny 16.30 po wcze\u015bniejszym telefonicznym ustaleniu godziny spotkania<br>oraz podczas zebra\u0144 i konsultacji w szkole lub<br>w miar\u0119 mo\u017cliwo\u015bci po wcze\u015bniejszym ustaleniu terminu<\/strong><\/td><\/tr><tr><td>Adres e-mail zespo\u0142u:<\/td><td>&nbsp;<a rel=\"noreferrer noopener\" href=\"https:\/\/poczta.onet.pl\/NowaWiadomosc\/Do\/QlAkBFFKEBx2dgsdBXJ2cQQBfChCchE2Egk%2FZgEXARAfQkFWQwEGF1QnVkFWAwsCBAFWVkQTB3QWAFQAARNDAhMHUwoZEFZndENLRgB9LydQJB0OI0Z2Awh%2FcQEAE2d7UjdBUXc%3D\" target=\"_blank\">sekretariat@zsp3.katowice.pl<\/a><\/td><\/tr><tr><td>Wicedyrektor ZSP nr 3:<\/td><td><strong>Wicedyrektor Przedszkola nr 38 w Katowicach<br>w Zespole Szkolno &#8211; Przedszkolnym nr 3<\/strong> <strong>w Katowicach<\/strong><br>mgr Bo\u017cena Niew\u0119g\u0142owska<br><strong><br>przyjmuje rodzic\u00f3w<br>w ka\u017cdy czwartek od godziny 15.00 do godziny 16.00 po wcze\u015bniejszym telefonicznym ustaleniu godziny spotkania<br>oraz podczas zebra\u0144 i konsultacji w szkole<br>lub w miar\u0119 mo\u017cliwo\u015bci po wcze\u015bniejszym ustaleniu terminu<\/strong><\/td><\/tr><tr><td>Sekretariat przedszkola:<\/td><td><strong>Czynny jest codziennie w godzinach 7:00 &#8211; 15:00<\/strong><\/td><\/tr><tr><td>Telefon:<\/td><td><strong>32\/256-60-20<\/strong><\/td><\/tr><tr><td>Adres Elektronicznej Skrzynki Podawczej:<br><br><br>Adres e-Dor\u0119cze\u0144 ZSP nr 3:<br><br><\/td><td><strong>\/ZSP3KATOWICE\/SkrytkaESP<\/strong><br><br><br><strong>AE:PL-41832-96387-SDAJW-25<\/strong><br>e-Dor\u0119czenia &#8211; e-Dor\u0119czenia &#8211; Portal Gov.pl<br><\/td><\/tr><\/tbody><\/table><\/figure>\n\n\n\n<figure class=\"wp-block-gallery has-nested-images columns-default is-cropped wp-block-gallery-1 is-layout-flex wp-block-gallery-is-layout-flex\">\n<figure class=\"wp-block-image size-large\"><img loading=\"lazy\" decoding=\"async\" width=\"1009\" height=\"1024\" data-id=\"424\" src=\"https:\/\/www.zsp3katowice.cal24.pl\/mp38\/wp-content\/uploads\/2023\/01\/Kod-QR-nowej-strony-1009x1024.jpeg\" alt=\"\" class=\"wp-image-424\" srcset=\"https:\/\/www.zsp3katowice.cal24.pl\/mp38\/wp-content\/uploads\/2023\/01\/Kod-QR-nowej-strony-1009x1024.jpeg 1009w, https:\/\/www.zsp3katowice.cal24.pl\/mp38\/wp-content\/uploads\/2023\/01\/Kod-QR-nowej-strony-197x200.jpeg 197w, https:\/\/www.zsp3katowice.cal24.pl\/mp38\/wp-content\/uploads\/2023\/01\/Kod-QR-nowej-strony-768x780.jpeg 768w, https:\/\/www.zsp3katowice.cal24.pl\/mp38\/wp-content\/uploads\/2023\/01\/Kod-QR-nowej-strony-1513x1536.jpeg 1513w, https:\/\/www.zsp3katowice.cal24.pl\/mp38\/wp-content\/uploads\/2023\/01\/Kod-QR-nowej-strony-2018x2048.jpeg 2018w\" sizes=\"auto, (max-width: 1009px) 100vw, 1009px\" \/><\/figure>\n<\/figure>\n\n\n\n<p><\/p>\n\n\n\n<figure class=\"wp-block-image size-full\"><img loading=\"lazy\" decoding=\"async\" width=\"1536\" height=\"1024\" src=\"https:\/\/www.zsp3katowice.cal24.pl\/mp38\/wp-content\/uploads\/2026\/03\/Przedzkole_Wiosna.jpg.jpg\" alt=\"\" class=\"wp-image-30443\"\/><\/figure>\n","protected":false},"excerpt":{"rendered":"<p>Nazwa: Zesp\u00f3\u0142 Szkolno &#8211; Przedszkolny nr 3 w Katowicachul. [&hellip;]<\/p>\n","protected":false},"author":1,"featured_media":30443,"parent":0,"menu_order":0,"comment_status":"closed","ping_status":"closed","template":"","meta":{"footnotes":""},"class_list":["post-170","page","type-page","status-publish","has-post-thumbnail","hentry"],"_links":{"self":[{"href":"https:\/\/www.zsp3katowice.cal24.pl\/mp38\/wp-json\/wp\/v2\/pages\/170","targetHints":{"allow":["GET"]}}],"collection":[{"href":"https:\/\/www.zsp3katowice.cal24.pl\/mp38\/wp-json\/wp\/v2\/pages"}],"about":[{"href":"https:\/\/www.zsp3katowice.cal24.pl\/mp38\/wp-json\/wp\/v2\/types\/page"}],"author":[{"embeddable":true,"href":"https:\/\/www.zsp3katowice.cal24.pl\/mp38\/wp-json\/wp\/v2\/users\/1"}],"replies":[{"embeddable":true,"href":"https:\/\/www.zsp3katowice.cal24.pl\/mp38\/wp-json\/wp\/v2\/comments?post=170"}],"version-history":[{"count":15,"href":"https:\/\/www.zsp3katowice.cal24.pl\/mp38\/wp-json\/wp\/v2\/pages\/170\/revisions"}],"predecessor-version":[{"id":30444,"href":"https:\/\/www.zsp3katowice.cal24.pl\/mp38\/wp-json\/wp\/v2\/pages\/170\/revisions\/30444"}],"wp:featuredmedia":[{"embeddable":true,"href":"https:\/\/www.zsp3katowice.cal24.pl\/mp38\/wp-json\/wp\/v2\/media\/30443"}],"wp:attachment":[{"href":"https:\/\/www.zsp3katowice.cal24.pl\/mp38\/wp-json\/wp\/v2\/media?parent=170"}],"curies":[{"name":"wp","href":"https:\/\/api.w.org\/{rel}","templated":true}]}}