{"id":1210,"date":"2022-10-22T18:55:26","date_gmt":"2022-10-22T18:55:26","guid":{"rendered":"http:\/\/www.zsp3katowice.cal24.pl\/sp47\/?page_id=1210"},"modified":"2025-07-13T11:18:02","modified_gmt":"2025-07-13T11:18:02","slug":"misja-i-wizja-szkoly","status":"publish","type":"page","link":"https:\/\/www.zsp3katowice.cal24.pl\/sp47\/dokumenty-szkoly\/misja-i-wizja-szkoly\/","title":{"rendered":"Misja i wizja szko\u0142y"},"content":{"rendered":"<div id=\"fb-root\"><\/div>\n\n<div class=\"wp-block-group gutenify-section-e50d51d0-5fda-11f0-9525-953d745bd64a is-layout-constrained wp-block-group-is-layout-constrained gtfy-53\">\n<div class=\"wp-block-group alignfull gutenify-section-01940600-5fdb-11f0-9525-953d745bd64a is-layout-constrained wp-block-group-is-layout-constrained gtfy-52\">\n<h1 class=\"wp-block-heading gutenify-section-de5a8970-5fda-11f0-9525-953d745bd64a gtfy-1\">KONCEPCJA PRACY<\/h1>\n\n\n\n<h2 class=\"wp-block-heading gutenify-section-de5ab080-5fda-11f0-9525-953d745bd64a gtfy-2\">Szko\u0142y Podstawowej nr 47 z Oddzia\u0142ami Integracyjnymi<br>im. J\u00f3zefa Lompy<\/h2>\n\n\n\n<p class=\"gutenify-section-de5ad790-5fda-11f0-9525-953d745bd64a gtfy-3\"><strong>Misj\u0105<\/strong> naszej szko\u0142y jest wychowanie dziecka \u015bwiadomego dokonywanych wybor\u00f3w, wra\u017cliwego i&nbsp;otwartego na \u015brodowisko naturalne i spo\u0142eczne, w jakim funkcjonuje, pewnie poruszaj\u0105cego si\u0119 w&nbsp;okre\u015blonym kulturowo i \u015bwiatopogl\u0105dowo systemie warto\u015bci, odpowiedzialnego, prawego, krytycznego, tolerancyjnego i zdolnego do wsp\u00f3\u0142dzia\u0142ania.<\/p>\n\n\n\n<h2 class=\"wp-block-heading gutenify-section-de5afea0-5fda-11f0-9525-953d745bd64a gtfy-4\">Jeste\u015bmy szko\u0142\u0105, kt\u00f3ra:<\/h2>\n\n\n\n<ul class=\"wp-block-list gutenify-section-de5bc1f0-5fda-11f0-9525-953d745bd64a gtfy-13\">\n<li class=\"gutenify-section-de5b25b0-5fda-11f0-9525-953d745bd64a gtfy-5 gutenify-list-item\">Zapewnia wszechstronny rozw\u00f3j osobowo\u015bci uczni\u00f3w, uwzgl\u0119dniaj\u0105c ich indywidualne potrzeby;<\/li>\n\n\n\n<li class=\"gutenify-section-de5b25b1-5fda-11f0-9525-953d745bd64a gtfy-6 gutenify-list-item\">Rozwija uzdolnienia i zainteresowania uczni\u00f3w;<\/li>\n\n\n\n<li class=\"gutenify-section-de5b4cc0-5fda-11f0-9525-953d745bd64a gtfy-7 gutenify-list-item\">Upowszechnia zdrowy styl \u017cycia, kszta\u0142tuj\u0105c postawy prozdrowotne i proekologiczne;<\/li>\n\n\n\n<li class=\"gutenify-section-de5b4cc1-5fda-11f0-9525-953d745bd64a gtfy-8 gutenify-list-item\">Wychowuje w duchu patriotyzmu, uczy poszanowania historii narodu i tradycji regionu, jednocze\u015bnie otwiera uczni\u00f3w na korzy\u015bci p\u0142yn\u0105ce z zachowania pokoju, przestrzegania praw cz\u0142owieka, integracji europejskiej i wsp\u00f3\u0142pracy mi\u0119dzynarodowej;<\/li>\n\n\n\n<li class=\"gutenify-section-de5b73d0-5fda-11f0-9525-953d745bd64a gtfy-9 gutenify-list-item\">D\u0105\u017cy do integracji spo\u0142eczno\u015bci uczniowskiej poprzez budowanie atmosfery akceptacji i&nbsp;tolerancji w relacjach uczni\u00f3w wywodz\u0105cych si\u0119 z r\u00f3\u017cnych \u015brodowisk rodzinnych, a tak\u017ce w&nbsp;relacjach uczni\u00f3w niepe\u0142nosprawnych;<\/li>\n\n\n\n<li class=\"gutenify-section-de5b73d1-5fda-11f0-9525-953d745bd64a gtfy-10 gutenify-list-item\">Dba o w\u0142a\u015bciwy klimat sprzyjaj\u0105cy tw\u00f3rczej i efektywnej pracy, wprowadza relacje integruj\u0105ce nauczycieli, uczni\u00f3w i rodzic\u00f3w we wsp\u00f3lnot\u0119 szkoln\u0105;<\/li>\n\n\n\n<li class=\"gutenify-section-de5b9ae0-5fda-11f0-9525-953d745bd64a gtfy-11 gutenify-list-item\">Jest przyjazna dla ucznia, rodzic\u00f3w i nauczycieli;<\/li>\n\n\n\n<li class=\"gutenify-section-de5b9ae1-5fda-11f0-9525-953d745bd64a gtfy-12 gutenify-list-item\">Wspomaga wychowawcz\u0105 rol\u0119 rodziny, wsp\u00f3\u0142dzia\u0142aj\u0105c z rodzicami\/opiekunami\/w procesie kszta\u0142cenia i wychowania.<\/li>\n<\/ul>\n\n\n\n<h2 class=\"wp-block-heading gutenify-section-de5bc1f1-5fda-11f0-9525-953d745bd64a gtfy-14\">Wizja szko\u0142y<\/h2>\n\n\n\n<p class=\"gutenify-section-de5be900-5fda-11f0-9525-953d745bd64a gtfy-15\">Nasza szko\u0142a jest miejscem przyjaznym, bezpiecznym, a jej dzia\u0142alno\u015b\u0107 ukierunkowana jest na ucznia i&nbsp;jego potrzeby, umo\u017cliwiaj\u0105c mu wszechstronny rozw\u00f3j osobowo\u015bci. Szko\u0142a, aby dobrze funkcjonowa\u0107, posiada wizj\u0119 rozwoju.<\/p>\n\n\n\n<h2 class=\"wp-block-heading gutenify-section-de5be901-5fda-11f0-9525-953d745bd64a gtfy-16\">G\u0142\u00f3wne cele rozwoju:<\/h2>\n\n\n\n<ul class=\"wp-block-list gutenify-section-de5cd361-5fda-11f0-9525-953d745bd64a gtfy-27\">\n<li class=\"gutenify-section-de5c1010-5fda-11f0-9525-953d745bd64a gtfy-17 gutenify-list-item\">Wychowanie cz\u0142owieka kulturalnego, \u015bwiadomego swoich wybor\u00f3w i umiej\u0105cego zachowa\u0107 si\u0119 w&nbsp;r\u00f3\u017cnych sytuacjach szkolnych i pozaszkolnych;<\/li>\n\n\n\n<li class=\"gutenify-section-de5c1011-5fda-11f0-9525-953d745bd64a gtfy-18 gutenify-list-item\">Aktywna wsp\u00f3\u0142praca z rodzicami;<\/li>\n\n\n\n<li class=\"gutenify-section-de5c3720-5fda-11f0-9525-953d745bd64a gtfy-19 gutenify-list-item\">Budowanie szko\u0142y bezpiecznej, przyjaznej uczniom i rodzicom;<\/li>\n\n\n\n<li class=\"gutenify-section-de5c3721-5fda-11f0-9525-953d745bd64a gtfy-20 gutenify-list-item\">Kszta\u0142towanie u uczni\u00f3w zasad demokracji i samorz\u0105dno\u015bci;<\/li>\n\n\n\n<li class=\"gutenify-section-de5c8540-5fda-11f0-9525-953d745bd64a gtfy-21 gutenify-list-item\">Szeroka wsp\u00f3\u0142praca ze \u015brodowiskiem lokalnym;<\/li>\n\n\n\n<li class=\"gutenify-section-de5c8541-5fda-11f0-9525-953d745bd64a gtfy-22 gutenify-list-item\">Unowocze\u015bnianie bazy szko\u0142y-wprowadzanie najnowszych technologii poprzez uczestnictwo <br>w programach zewn\u0119trznych i projektach;<\/li>\n\n\n\n<li class=\"gutenify-section-de5cac50-5fda-11f0-9525-953d745bd64a gtfy-23 gutenify-list-item\">Organizowanie pomocy psychologiczno \u2013 pedagogicznej uczniom;<\/li>\n\n\n\n<li class=\"gutenify-section-de5cac51-5fda-11f0-9525-953d745bd64a gtfy-24 gutenify-list-item\">Rozwijanie to\u017csamo\u015bci narodowej i regionalnej;<\/li>\n\n\n\n<li class=\"gutenify-section-de5cac52-5fda-11f0-9525-953d745bd64a gtfy-25 gutenify-list-item\">Rozw\u00f3j kadry pedagogicznej;<\/li>\n\n\n\n<li class=\"gutenify-section-de5cd360-5fda-11f0-9525-953d745bd64a gtfy-26 gutenify-list-item\">Kszta\u0142towanie postawy \u015bwiadomego wolontariusza poprzez r\u00f3\u017cnorodne akcje skierowane do dzieci i m\u0142odzie\u017cy.<\/li>\n<\/ul>\n\n\n\n<h2 class=\"wp-block-heading gutenify-section-de5cfa70-5fda-11f0-9525-953d745bd64a gtfy-28\">Za\u0142o\u017cone efekty rozwoju:<\/h2>\n\n\n\n<ul class=\"wp-block-list gutenify-section-de5d96b1-5fda-11f0-9525-953d745bd64a gtfy-39\">\n<li class=\"gutenify-section-de5cfa71-5fda-11f0-9525-953d745bd64a gtfy-29 gutenify-list-item\">Wysoka jako\u015b\u0107 pracy szko\u0142y;<\/li>\n\n\n\n<li class=\"gutenify-section-de5cfa72-5fda-11f0-9525-953d745bd64a gtfy-30 gutenify-list-item\">Wszechstronne kszta\u0142cenie uczni\u00f3w z wykorzystaniem technologii informacyjnych;<\/li>\n\n\n\n<li class=\"gutenify-section-de5d2180-5fda-11f0-9525-953d745bd64a gtfy-31 gutenify-list-item\">Osi\u0105gni\u0119cie sukces\u00f3w edukacyjnych przez ka\u017cdego ucznia na miar\u0119 jego mo\u017cliwo\u015bci;<\/li>\n\n\n\n<li class=\"gutenify-section-de5d2181-5fda-11f0-9525-953d745bd64a gtfy-32 gutenify-list-item\">Rozw\u00f3j u uczni\u00f3w zainteresowa\u0144 i uzdolnie\u0144, kreatywno\u015bci, odpowiedzialno\u015bci oraz umiej\u0119tno\u015bci korzystania ze zdobytej wiedzy;<\/li>\n\n\n\n<li class=\"gutenify-section-de5d4890-5fda-11f0-9525-953d745bd64a gtfy-33 gutenify-list-item\">Nauczyciele, rodzice i uczniowie jako wsp\u00f3\u0142gospodarze szko\u0142y;<\/li>\n\n\n\n<li class=\"gutenify-section-de5d4891-5fda-11f0-9525-953d745bd64a gtfy-34 gutenify-list-item\">Zapewnienie uczniom podstawy do realizacji dalszych cel\u00f3w i aspiracji oraz zdobycie wysokich lokat w r\u00f3\u017cnorodnych konkursach;<\/li>\n\n\n\n<li class=\"gutenify-section-de5d6fa0-5fda-11f0-9525-953d745bd64a gtfy-35 gutenify-list-item\">Osi\u0105gni\u0119cie wysokich standard\u00f3w edukacyjnych;<\/li>\n\n\n\n<li class=\"gutenify-section-de5d6fa1-5fda-11f0-9525-953d745bd64a gtfy-36 gutenify-list-item\">Prezentowanie przez uczni\u00f3w postaw patriotycznych i obywatelskich, promowanie zdrowego stylu \u017cycia, przeciwdzia\u0142anie agresji, rozbudzanie obowi\u0105zkowo\u015bci, odpowiedzialno\u015bci za w\u0142asne czyny, samokrytycyzmu, sprawiedliwo\u015bci i tolerancji, otwarto\u015bci na drugiego cz\u0142owieka, poszanowania dobra kultury i przyrody;<\/li>\n\n\n\n<li class=\"gutenify-section-de5d6fa2-5fda-11f0-9525-953d745bd64a gtfy-37 gutenify-list-item\">Spe\u0142nienia wymog\u00f3w bezpiecze\u0144stwa i higieny oraz nale\u017cytego i estetycznego zagospodarowania obiekt\u00f3w szko\u0142y przy uwzgl\u0119dnieniu konieczno\u015bci zapewnienia bezpiecznego i przyjaznego \u015brodowiska nauki;<\/li>\n\n\n\n<li class=\"gutenify-section-de5d96b0-5fda-11f0-9525-953d745bd64a gtfy-38 gutenify-list-item\">Skuteczne i efektywne udzielanie wsparcia i pomocy psychologiczno \u2013 pedagogicznej;<\/li>\n<\/ul>\n\n\n\n<h2 class=\"wp-block-heading gutenify-section-de5dbdc0-5fda-11f0-9525-953d745bd64a gtfy-40\">Nasz Absolwent<\/h2>\n\n\n\n<ul class=\"wp-block-list gutenify-section-de5e5a01-5fda-11f0-9525-953d745bd64a gtfy-51\">\n<li class=\"gutenify-section-de5dbdc1-5fda-11f0-9525-953d745bd64a gtfy-41 gutenify-list-item\">Jest dobrze przygotowany do kontynuowania nauki na wy\u017cszych szczeblach nauczania;<\/li>\n\n\n\n<li class=\"gutenify-section-de5dbdc2-5fda-11f0-9525-953d745bd64a gtfy-42 gutenify-list-item\">Samodzielnie zdobywa wiedz\u0119, korzystaj\u0105c z nowoczesnych urz\u0105dze\u0144 technologicznych;<\/li>\n\n\n\n<li class=\"gutenify-section-de5de4d0-5fda-11f0-9525-953d745bd64a gtfy-43 gutenify-list-item\">Wykorzystuje zdobyt\u0105 wiedz\u0119 i umiej\u0119tno\u015bci w \u015bwiecie techniki, informacji i sztuki;<\/li>\n\n\n\n<li class=\"gutenify-section-de5de4d1-5fda-11f0-9525-953d745bd64a gtfy-44 gutenify-list-item\">Ma poczucie w\u0142asnej warto\u015bci, d\u0105\u017cy do osi\u0105gni\u0119cia sukcesu;<\/li>\n\n\n\n<li class=\"gutenify-section-de5e0be0-5fda-11f0-9525-953d745bd64a gtfy-45 gutenify-list-item\">Zna j\u0119zyk obcy, co u\u0142atwia mu komunikacj\u0119 we wsp\u00f3\u0142czesnym \u015bwiecie;<\/li>\n\n\n\n<li class=\"gutenify-section-de5e0be1-5fda-11f0-9525-953d745bd64a gtfy-46 gutenify-list-item\">Przejawia postaw\u0119 szacunku, wzajemnej pomocy oraz tolerancji na potrzeby innych i \u015brodowiska oraz realizuje si\u0119 w dzia\u0142aniach wolontariackich;<\/li>\n\n\n\n<li class=\"gutenify-section-de5e0be2-5fda-11f0-9525-953d745bd64a gtfy-47 gutenify-list-item\">Ma poczucie odpowiedzialno\u015bci za w\u0142asny rozw\u00f3j, potrafi planowa\u0107 swoj\u0105 przysz\u0142o\u015b\u0107;<\/li>\n\n\n\n<li class=\"gutenify-section-de5e32f0-5fda-11f0-9525-953d745bd64a gtfy-48 gutenify-list-item\">Zna i stosuje normy w\u0142a\u015bciwego zachowania spo\u0142ecznego;<\/li>\n\n\n\n<li class=\"gutenify-section-de5e32f1-5fda-11f0-9525-953d745bd64a gtfy-49 gutenify-list-item\">Dba o swoje zdrowie, sprawno\u015b\u0107 fizyczn\u0105, przejawia postawy proekologiczne;<\/li>\n\n\n\n<li class=\"gutenify-section-de5e5a00-5fda-11f0-9525-953d745bd64a gtfy-50 gutenify-list-item\">Zna i kultywuje tradycje rodzinne, regionalne i narodowe.<\/li>\n<\/ul>\n<\/div>\n<\/div>\n","protected":false},"excerpt":{"rendered":"<p>KONCEPCJA PRACY Szko\u0142y Podstawowej nr 47 z Oddzia\u0142ami Integracyjnymiim. J\u00f3zefa Lompy Misj\u0105 naszej szko\u0142y jest [&hellip;]<\/p>\n","protected":false},"author":1,"featured_media":0,"parent":1564,"menu_order":0,"comment_status":"closed","ping_status":"closed","template":"","meta":{"footnotes":""},"class_list":["post-1210","page","type-page","status-publish","hentry"],"_links":{"self":[{"href":"https:\/\/www.zsp3katowice.cal24.pl\/sp47\/wp-json\/wp\/v2\/pages\/1210","targetHints":{"allow":["GET"]}}],"collection":[{"href":"https:\/\/www.zsp3katowice.cal24.pl\/sp47\/wp-json\/wp\/v2\/pages"}],"about":[{"href":"https:\/\/www.zsp3katowice.cal24.pl\/sp47\/wp-json\/wp\/v2\/types\/page"}],"author":[{"embeddable":true,"href":"https:\/\/www.zsp3katowice.cal24.pl\/sp47\/wp-json\/wp\/v2\/users\/1"}],"replies":[{"embeddable":true,"href":"https:\/\/www.zsp3katowice.cal24.pl\/sp47\/wp-json\/wp\/v2\/comments?post=1210"}],"version-history":[{"count":4,"href":"https:\/\/www.zsp3katowice.cal24.pl\/sp47\/wp-json\/wp\/v2\/pages\/1210\/revisions"}],"predecessor-version":[{"id":11242,"href":"https:\/\/www.zsp3katowice.cal24.pl\/sp47\/wp-json\/wp\/v2\/pages\/1210\/revisions\/11242"}],"up":[{"embeddable":true,"href":"https:\/\/www.zsp3katowice.cal24.pl\/sp47\/wp-json\/wp\/v2\/pages\/1564"}],"wp:attachment":[{"href":"https:\/\/www.zsp3katowice.cal24.pl\/sp47\/wp-json\/wp\/v2\/media?parent=1210"}],"curies":[{"name":"wp","href":"https:\/\/api.w.org\/{rel}","templated":true}]}}