{"id":1216,"date":"2022-10-22T19:05:04","date_gmt":"2022-10-22T19:05:04","guid":{"rendered":"http:\/\/www.zsp3katowice.cal24.pl\/sp47\/?page_id=1216"},"modified":"2023-09-23T20:31:40","modified_gmt":"2023-09-23T20:31:40","slug":"wewnatrzszkolne-procedury","status":"publish","type":"page","link":"https:\/\/www.zsp3katowice.cal24.pl\/sp47\/dokumenty-szkoly\/wewnatrzszkolne-procedury\/","title":{"rendered":"Wewn\u0105trzszkolne procedury"},"content":{"rendered":"<div id=\"fb-root\"><\/div>\n\n<div class=\"wp-block-group gutenify-section-f7726690-5a4f-11ee-a7c9-5b7d900c5b42 is-layout-constrained wp-block-group-is-layout-constrained gtfy-34\">\n<div class=\"wp-block-query gutenify-section-9db43a40-5a4d-11ee-a02f-557f24c84eed is-layout-flow wp-block-query-is-layout-flow gtfy-33\"><ul class=\"wp-block-post-template is-layout-flow wp-block-post-template-is-layout-flow gtfy-32\"><li class=\"wp-block-post post-200 post type-post status-publish format-standard has-post-thumbnail hentry category-procedury\">\n\n<div class=\"wp-block-columns alignwide gutenify-section-9db328d0-5a4d-11ee-a02f-557f24c84eed is-layout-flex wp-container-core-columns-is-layout-28f84493 wp-block-columns-is-layout-flex gtfy-7 gtfy-8\">\n<div class=\"wp-block-column gutenify-section-9db1f050-5a4d-11ee-a02f-557f24c84eed is-layout-flow wp-block-column-is-layout-flow gtfy-3\" style=\"flex-basis:66.66%\"><figure style=\"aspect-ratio:4\/3;\" class=\"wp-block-post-featured-image wp-duotone-unset-1 gtfy-2\"><a href=\"https:\/\/www.zsp3katowice.cal24.pl\/sp47\/procedury\/kalendarz\/\" target=\"_self\"  ><img loading=\"lazy\" decoding=\"async\" width=\"900\" height=\"676\" src=\"https:\/\/www.zsp3katowice.cal24.pl\/sp47\/wp-content\/uploads\/2025\/07\/kalendarz.jpg\" class=\"attachment-post-thumbnail size-post-thumbnail wp-post-image\" alt=\"Kalendarz roku szkolnego\" style=\"border-radius:30px;width:100%;height:100%;object-fit:cover;\" \/><\/a><\/figure><\/div>\n\n\n\n<div class=\"wp-block-column gutenify-section-9db2dab0-5a4d-11ee-a02f-557f24c84eed is-layout-flow wp-block-column-is-layout-flow gtfy-6\" style=\"flex-basis:33.33%\"><h2 class=\"wp-block-post-title gtfy-4\"><a href=\"https:\/\/www.zsp3katowice.cal24.pl\/sp47\/procedury\/kalendarz\/\" target=\"_self\" >Kalendarz roku szkolnego<\/a><\/h2>\n\n<div class=\"wp-block-post-excerpt gtfy-5\"><p class=\"wp-block-post-excerpt__excerpt\">Kalendarz roku szkolnego 2024\/2025. Terminy konsultacji i spotka\u0144 z rodzicami.<\/p><p class=\"wp-block-post-excerpt__more-text\"><a class=\"wp-block-post-excerpt__more-link\" href=\"https:\/\/www.zsp3katowice.cal24.pl\/sp47\/procedury\/kalendarz\/\">Wi\u0119cej<\/a><\/p><\/div><\/div>\n<\/div>\n\n<\/li><li class=\"wp-block-post post-7258 post type-post status-publish format-standard has-post-thumbnail hentry category-aktualnosci category-procedury\">\n\n<div class=\"wp-block-columns alignwide gutenify-section-9db328d0-5a4d-11ee-a02f-557f24c84eed is-layout-flex wp-container-core-columns-is-layout-28f84493 wp-block-columns-is-layout-flex gtfy-15 gtfy-16\">\n<div class=\"wp-block-column gutenify-section-9db1f050-5a4d-11ee-a02f-557f24c84eed is-layout-flow wp-block-column-is-layout-flow gtfy-11\" style=\"flex-basis:66.66%\"><figure style=\"aspect-ratio:4\/3;\" class=\"wp-block-post-featured-image wp-duotone-unset-9 gtfy-10\"><a href=\"https:\/\/www.zsp3katowice.cal24.pl\/sp47\/aktualnosci\/procedury-ochrony-maloletnich-przed-krzywdzeniem-przez-doroslych-i-zapewnienia-im-bezpieczenstwa\/\" target=\"_self\"  ><img loading=\"lazy\" decoding=\"async\" width=\"900\" height=\"495\" src=\"https:\/\/www.zsp3katowice.cal24.pl\/sp47\/wp-content\/uploads\/2024\/03\/kamilkowe.jpg\" class=\"attachment-post-thumbnail size-post-thumbnail wp-post-image\" alt=\"Procedury ochrony ma\u0142oletnich przed krzywdzeniem przez doros\u0142ych i zapewnienia im bezpiecze\u0144stwa\" style=\"border-radius:30px;width:100%;height:100%;object-fit:cover;\" \/><\/a><\/figure><\/div>\n\n\n\n<div class=\"wp-block-column gutenify-section-9db2dab0-5a4d-11ee-a02f-557f24c84eed is-layout-flow wp-block-column-is-layout-flow gtfy-14\" style=\"flex-basis:33.33%\"><h2 class=\"wp-block-post-title gtfy-12\"><a href=\"https:\/\/www.zsp3katowice.cal24.pl\/sp47\/aktualnosci\/procedury-ochrony-maloletnich-przed-krzywdzeniem-przez-doroslych-i-zapewnienia-im-bezpieczenstwa\/\" target=\"_self\" >Procedury ochrony ma\u0142oletnich przed krzywdzeniem przez doros\u0142ych i zapewnienia im bezpiecze\u0144stwa<\/a><\/h2>\n\n<div class=\"wp-block-post-excerpt gtfy-13\"><p class=\"wp-block-post-excerpt__excerpt\"><\/p><p class=\"wp-block-post-excerpt__more-text\"><a class=\"wp-block-post-excerpt__more-link\" href=\"https:\/\/www.zsp3katowice.cal24.pl\/sp47\/aktualnosci\/procedury-ochrony-maloletnich-przed-krzywdzeniem-przez-doroslych-i-zapewnienia-im-bezpieczenstwa\/\">Wi\u0119cej<\/a><\/p><\/div><\/div>\n<\/div>\n\n<\/li><li class=\"wp-block-post post-2933 post type-post status-publish format-standard has-post-thumbnail hentry category-office365 category-procedury\">\n\n<div class=\"wp-block-columns alignwide gutenify-section-9db328d0-5a4d-11ee-a02f-557f24c84eed is-layout-flex wp-container-core-columns-is-layout-28f84493 wp-block-columns-is-layout-flex gtfy-30 gtfy-31\">\n<div class=\"wp-block-column gutenify-section-9db1f050-5a4d-11ee-a02f-557f24c84eed is-layout-flow wp-block-column-is-layout-flow gtfy-19\" style=\"flex-basis:66.66%\"><figure style=\"aspect-ratio:4\/3;\" class=\"wp-block-post-featured-image wp-duotone-unset-17 gtfy-18\"><a href=\"https:\/\/www.zsp3katowice.cal24.pl\/sp47\/procedury\/office-365-education\/\" target=\"_self\"  ><img loading=\"lazy\" decoding=\"async\" width=\"735\" height=\"413\" src=\"https:\/\/www.zsp3katowice.cal24.pl\/sp47\/wp-content\/uploads\/2023\/01\/komp.jpg\" class=\"attachment-post-thumbnail size-post-thumbnail wp-post-image\" alt=\"Office 365 Education\" style=\"border-radius:30px;width:100%;height:100%;object-fit:cover;\" srcset=\"https:\/\/www.zsp3katowice.cal24.pl\/sp47\/wp-content\/uploads\/2023\/01\/komp.jpg 735w, https:\/\/www.zsp3katowice.cal24.pl\/sp47\/wp-content\/uploads\/2023\/01\/komp-300x169.jpg 300w\" sizes=\"auto, (max-width: 735px) 100vw, 735px\" \/><\/a><\/figure><\/div>\n\n\n\n<div class=\"wp-block-column gutenify-section-9db2dab0-5a4d-11ee-a02f-557f24c84eed is-layout-flow wp-block-column-is-layout-flow gtfy-29\" style=\"flex-basis:33.33%\"><h2 class=\"wp-block-post-title gtfy-20\"><a href=\"https:\/\/www.zsp3katowice.cal24.pl\/sp47\/procedury\/office-365-education\/\" target=\"_self\" >Office 365 Education<\/a><\/h2>\n\n<div class=\"wp-block-post-excerpt gtfy-28\"><p class=\"wp-block-post-excerpt__excerpt\">Uczniowie i pedagodzy instytucji edukacyjnych mog\u0105 bezp\u0142atnie si\u0119 zarejestrowa\u0107 w us\u0142udze Office 365 Education, kt\u00f3ra [&hellip;]<\/p><p class=\"wp-block-post-excerpt__more-text\"><a class=\"wp-block-post-excerpt__more-link\" href=\"https:\/\/www.zsp3katowice.cal24.pl\/sp47\/procedury\/office-365-education\/\">Wi\u0119cej<\/a><\/p><\/div><\/div>\n<\/div>\n\n<\/li><\/ul><\/div>\n<\/div>\n","protected":false},"excerpt":{"rendered":"","protected":false},"author":1,"featured_media":0,"parent":1564,"menu_order":0,"comment_status":"closed","ping_status":"closed","template":"","meta":{"footnotes":""},"class_list":["post-1216","page","type-page","status-publish","hentry"],"_links":{"self":[{"href":"https:\/\/www.zsp3katowice.cal24.pl\/sp47\/wp-json\/wp\/v2\/pages\/1216","targetHints":{"allow":["GET"]}}],"collection":[{"href":"https:\/\/www.zsp3katowice.cal24.pl\/sp47\/wp-json\/wp\/v2\/pages"}],"about":[{"href":"https:\/\/www.zsp3katowice.cal24.pl\/sp47\/wp-json\/wp\/v2\/types\/page"}],"author":[{"embeddable":true,"href":"https:\/\/www.zsp3katowice.cal24.pl\/sp47\/wp-json\/wp\/v2\/users\/1"}],"replies":[{"embeddable":true,"href":"https:\/\/www.zsp3katowice.cal24.pl\/sp47\/wp-json\/wp\/v2\/comments?post=1216"}],"version-history":[{"count":10,"href":"https:\/\/www.zsp3katowice.cal24.pl\/sp47\/wp-json\/wp\/v2\/pages\/1216\/revisions"}],"predecessor-version":[{"id":5244,"href":"https:\/\/www.zsp3katowice.cal24.pl\/sp47\/wp-json\/wp\/v2\/pages\/1216\/revisions\/5244"}],"up":[{"embeddable":true,"href":"https:\/\/www.zsp3katowice.cal24.pl\/sp47\/wp-json\/wp\/v2\/pages\/1564"}],"wp:attachment":[{"href":"https:\/\/www.zsp3katowice.cal24.pl\/sp47\/wp-json\/wp\/v2\/media?parent=1216"}],"curies":[{"name":"wp","href":"https:\/\/api.w.org\/{rel}","templated":true}]}}