{"id":13,"date":"2022-09-30T21:22:32","date_gmt":"2022-09-30T21:22:32","guid":{"rendered":"http:\/\/www.zsp3katowice.cal24.pl\/sp47\/?page_id=13"},"modified":"2026-01-22T09:16:33","modified_gmt":"2026-01-22T09:16:33","slug":"kontakt","status":"publish","type":"page","link":"https:\/\/www.zsp3katowice.cal24.pl\/sp47\/kontakt\/","title":{"rendered":"Kontakt"},"content":{"rendered":"<div id=\"fb-root\"><\/div>\n\n<p class=\"gutenify-section-94b8b100-494f-11ee-9610-6504e1dbab6d gtfy-1\"><\/p>\n\n\n\n<div class=\"wp-block-group gutenify-section-93024f00-62da-11f0-8314-db0b7c7b9834 has-background-secondary-background-color has-background is-layout-constrained wp-container-core-group-is-layout-8e8f975f wp-block-group-is-layout-constrained gtfy-27\" style=\"padding-top:40px;padding-right:10px;padding-bottom:40px;padding-left:10px\">\n<div class=\"wp-block-columns alignwide gutenify-section-930227f0-62da-11f0-8314-db0b7c7b9834 is-layout-flex wp-container-core-columns-is-layout-28f84493 wp-block-columns-is-layout-flex gtfy-26\">\n<div class=\"wp-block-column gutenify-section-92fef3a0-62da-11f0-8314-db0b7c7b9834 is-layout-flow wp-block-column-is-layout-flow gtfy-7\">\n<div class=\"wp-block-group animated animated-fadeInUp gutenify-section-92fecc90-62da-11f0-8314-db0b7c7b9834 is-layout-flow wp-block-group-is-layout-flow gtfy-6\">\n<div class=\"wp-block-cover gutenify-section-e1e13230-62da-11f0-8314-db0b7c7b9834 gtfy-5\" style=\"min-height:780px;aspect-ratio:unset;\"><img loading=\"lazy\" decoding=\"async\" width=\"2044\" height=\"1362\" class=\"wp-block-cover__image-background wp-image-82\" alt=\"\" src=\"https:\/\/www.zsp3katowice.cal24.pl\/sp47\/wp-content\/uploads\/2022\/10\/1523640_1479270848957836_4173955767302706575_o-1-edited.jpg\" style=\"object-position:72% 21%\" data-object-fit=\"cover\" data-object-position=\"72% 21%\" srcset=\"https:\/\/www.zsp3katowice.cal24.pl\/sp47\/wp-content\/uploads\/2022\/10\/1523640_1479270848957836_4173955767302706575_o-1-edited.jpg 2044w, https:\/\/www.zsp3katowice.cal24.pl\/sp47\/wp-content\/uploads\/2022\/10\/1523640_1479270848957836_4173955767302706575_o-1-edited-300x200.jpg 300w, https:\/\/www.zsp3katowice.cal24.pl\/sp47\/wp-content\/uploads\/2022\/10\/1523640_1479270848957836_4173955767302706575_o-1-edited-1024x682.jpg 1024w, https:\/\/www.zsp3katowice.cal24.pl\/sp47\/wp-content\/uploads\/2022\/10\/1523640_1479270848957836_4173955767302706575_o-1-edited-768x512.jpg 768w, https:\/\/www.zsp3katowice.cal24.pl\/sp47\/wp-content\/uploads\/2022\/10\/1523640_1479270848957836_4173955767302706575_o-1-edited-1536x1023.jpg 1536w, https:\/\/www.zsp3katowice.cal24.pl\/sp47\/wp-content\/uploads\/2022\/10\/1523640_1479270848957836_4173955767302706575_o-1-edited-1621x1080.jpg 1621w\" sizes=\"auto, (max-width: 2044px) 100vw, 2044px\" \/><span aria-hidden=\"true\" class=\"wp-block-cover__background has-background-dim-30 has-background-dim\"><\/span><div class=\"wp-block-cover__inner-container is-layout-flow wp-block-cover-is-layout-flow\">\n<h2 class=\"wp-block-heading has-text-align-center gutenify-section-bd81fea0-482f-11ee-9241-9fdbaf5c2176 has-background-color has-text-color has-link-color wp-elements-e622a150081d54c2488df46928b1210b gtfy-4\"><strong>Zesp\u00f3\u0142 Szkolno &#8211; Przedszkolny nr 3 w Katowicach<\/strong> <br><strong>ul. Grzegorzka 4, 40-309 Katowice<\/strong><\/h2>\n<\/div><\/div>\n<\/div>\n<\/div>\n\n\n\n<div class=\"wp-block-column is-vertically-aligned-center gutenify-section-930200e0-62da-11f0-8314-db0b7c7b9834 is-layout-flow wp-block-column-is-layout-flow gtfy-25\" style=\"padding-top:0px;padding-right:20px;padding-left:20px\">\n<div class=\"wp-block-group alignwide gutenify-section-bd866b70-482f-11ee-9241-9fdbaf5c2176 has-background-background-color has-background is-layout-constrained wp-block-group-is-layout-constrained gtfy-24\">\n<p class=\"gutenify-section-bd824cc0-482f-11ee-9241-9fdbaf5c2176 gtfy-8\">telefon:&nbsp;<strong>32 256 61 48<\/strong>&nbsp;lub&nbsp;<strong>32 256 62 06<\/strong><br>e-mail:&nbsp;<a href=\"mailto:sekretariat@zsp3.katowice.pl\" target=\"_blank\" rel=\"noreferrer noopener\">sekretariat@zsp3.katowice.pl<\/a>&nbsp;<br><strong>adres Elektronicznej Skrzynki Podawczej&nbsp;\/ZSP3KATOWICE\/SkrytkaESP<\/strong><\/p>\n\n\n\n<hr class=\"wp-block-separator has-text-color has-primary-color has-alpha-channel-opacity has-primary-background-color has-background gutenify-section-bd8273d0-482f-11ee-9241-9fdbaf5c2176 gtfy-9\"\/>\n\n\n\n<h4 class=\"wp-block-heading gutenify-section-bd82c1f0-482f-11ee-9241-9fdbaf5c2176 gtfy-10\"><strong>Sekretariat Zespo\u0142u<\/strong><\/h4>\n\n\n\n<p class=\"gutenify-section-bd831010-482f-11ee-9241-9fdbaf5c2176 gtfy-11\"><strong>jest czynny codziennie w godzinach 7.00 \u2013 15.30<\/strong><br>Sprawy uczniowskie za\u0142atwiane s\u0105 na du\u017cych przerwach<br>w godzinach&nbsp;<strong>od 10.35 do 10.50&nbsp;<\/strong>oraz&nbsp;<strong>od 13.25 do 13.45<\/strong><\/p>\n\n\n\n<hr class=\"wp-block-separator has-text-color has-primary-color has-alpha-channel-opacity has-primary-background-color has-background gutenify-section-bd835e30-482f-11ee-9241-9fdbaf5c2176 gtfy-12\"\/>\n\n\n\n<h4 class=\"wp-block-heading gutenify-section-bd83ac50-482f-11ee-9241-9fdbaf5c2176 gtfy-13\"><strong>Wicedyrektor Zespo\u0142u&nbsp;<\/strong><br><strong>mgr Beata Klimek<\/strong><\/h4>\n\n\n\n<p class=\"gutenify-section-bd842180-482f-11ee-9241-9fdbaf5c2176 gtfy-14\"><strong>przyjmuje Rodzic\u00f3w<\/strong> <strong>w ka\u017cdy czwartek od godziny 7.30 do godziny 8.30<\/strong><br>po wcze\u015bniejszym telefonicznym ustaleniu godziny spotkania<br>oraz&nbsp;podczas zebra\u0144 i konsultacji w szkole<br>lub&nbsp;w miar\u0119 mo\u017cliwo\u015bci po wcze\u015bniejszym ustaleniu terminu<\/p>\n\n\n\n<hr class=\"wp-block-separator has-text-color has-primary-color has-alpha-channel-opacity has-primary-background-color has-background gutenify-section-bd846fa0-482f-11ee-9241-9fdbaf5c2176 gtfy-15\"\/>\n\n\n\n<h4 class=\"wp-block-heading gutenify-section-bd84bdc0-482f-11ee-9241-9fdbaf5c2176 gtfy-16\"><strong>Dyrektor Zespo\u0142u Szkolno-Przedszkolnego nr 3 w Katowicach&nbsp;&nbsp;<\/strong><br><strong>mgr Ma\u0142gorzata Papierniak<\/strong><\/h4>\n\n\n\n<p class=\"gutenify-section-bd84e4d0-482f-11ee-9241-9fdbaf5c2176 gtfy-17\">&nbsp;<strong>przyjmuje Rodzic\u00f3w<\/strong> <strong>w ka\u017cd\u0105 \u015brod\u0119 od godziny 15.00 do godziny 16.30<\/strong><br>po wcze\u015bniejszym telefonicznym ustaleniu godziny spotkania<br>oraz&nbsp;podczas zebra\u0144 i konsultacji w szkole<br>lub&nbsp;w miar\u0119 mo\u017cliwo\u015bci po wcze\u015bniejszym ustaleniu terminu<\/p>\n\n\n\n<hr class=\"wp-block-separator has-text-color has-primary-color has-alpha-channel-opacity has-primary-background-color has-background gutenify-section-bd8532f0-482f-11ee-9241-9fdbaf5c2176 gtfy-18\"\/>\n\n\n\n<h4 class=\"wp-block-heading gutenify-section-bd855a00-482f-11ee-9241-9fdbaf5c2176 gtfy-19\"><strong>Dyrektor Zespo\u0142u Szkolno-Przedszkolnego nr 3 w Katowicach&nbsp;<\/strong><br><strong>mgr Ma\u0142gorzata Papierniak<\/strong><\/h4>\n\n\n\n<p class=\"animated animated-fadeInUp gutenify-section-bd858110-482f-11ee-9241-9fdbaf5c2176 gtfy-20\">&nbsp;przyjmuje pracownik\u00f3w <strong>w ka\u017cd\u0105 \u015brod\u0119 od godziny 14.00 do godziny 15.00<\/strong><\/p>\n\n\n\n<hr class=\"wp-block-separator has-alpha-channel-opacity gtfy-21\"\/>\n\n\n\n<h3 class=\"wp-block-heading gtfy-22\">Adres e-Dor\u0119cze\u0144 Zespo\u0142u:<\/h3>\n\n\n\n<p class=\"gtfy-23\"><strong>AE:PL-41832-96387-SDAJW-25<\/strong><\/p>\n<\/div>\n<\/div>\n<\/div>\n<\/div>\n\n\n\n<p class=\"gtfy-30\"><\/p>\n","protected":false},"excerpt":{"rendered":"<p>telefon:&nbsp;32 256 61 48&nbsp;lub&nbsp;32 256 62 06e-mail:&nbsp;sekretariat@zsp3.katowice.pl&nbsp;adres Elektronicznej Skrzynki Podawczej&nbsp;\/ZSP3KATOWICE\/SkrytkaESP Sekretariat Zespo\u0142u jest czynny codziennie [&hellip;]<\/p>\n","protected":false},"author":1,"featured_media":0,"parent":0,"menu_order":0,"comment_status":"closed","ping_status":"closed","template":"","meta":{"footnotes":""},"class_list":["post-13","page","type-page","status-publish","hentry"],"_links":{"self":[{"href":"https:\/\/www.zsp3katowice.cal24.pl\/sp47\/wp-json\/wp\/v2\/pages\/13","targetHints":{"allow":["GET"]}}],"collection":[{"href":"https:\/\/www.zsp3katowice.cal24.pl\/sp47\/wp-json\/wp\/v2\/pages"}],"about":[{"href":"https:\/\/www.zsp3katowice.cal24.pl\/sp47\/wp-json\/wp\/v2\/types\/page"}],"author":[{"embeddable":true,"href":"https:\/\/www.zsp3katowice.cal24.pl\/sp47\/wp-json\/wp\/v2\/users\/1"}],"replies":[{"embeddable":true,"href":"https:\/\/www.zsp3katowice.cal24.pl\/sp47\/wp-json\/wp\/v2\/comments?post=13"}],"version-history":[{"count":40,"href":"https:\/\/www.zsp3katowice.cal24.pl\/sp47\/wp-json\/wp\/v2\/pages\/13\/revisions"}],"predecessor-version":[{"id":12833,"href":"https:\/\/www.zsp3katowice.cal24.pl\/sp47\/wp-json\/wp\/v2\/pages\/13\/revisions\/12833"}],"wp:attachment":[{"href":"https:\/\/www.zsp3katowice.cal24.pl\/sp47\/wp-json\/wp\/v2\/media?parent=13"}],"curies":[{"name":"wp","href":"https:\/\/api.w.org\/{rel}","templated":true}]}}