{"id":229,"date":"2022-10-01T20:26:59","date_gmt":"2022-10-01T20:26:59","guid":{"rendered":"http:\/\/www.zsp3katowice.cal24.pl\/sp47\/?page_id=229"},"modified":"2025-07-13T08:29:14","modified_gmt":"2025-07-13T08:29:14","slug":"kodeks-wychowanka-swietlicy","status":"publish","type":"page","link":"https:\/\/www.zsp3katowice.cal24.pl\/sp47\/swietlica\/kodeks-wychowanka-swietlicy\/","title":{"rendered":"Kodeks Wychowanka \u015awietlicy"},"content":{"rendered":"<div id=\"fb-root\"><\/div>\n\n<div class=\"wp-block-group gutenify-section-26286b70-482f-11ee-a081-f7b8e5a0aacc is-layout-flow wp-block-group-is-layout-flow gtfy-23\">\n<div class=\"wp-block-group gutenify-section-552a6ae0-57e3-11ee-b3dc-7d0e75bd4c22 is-layout-constrained wp-block-group-is-layout-constrained gtfy-22\">\n<ol style=\"margin-right:var(--wp--preset--spacing--40);margin-left:var(--wp--preset--spacing--40)\" class=\"wp-block-list gutenify-section-26284460-482f-11ee-a081-f7b8e5a0aacc gtfy-21\">\n<li class=\"gutenify-section-26227800-482f-11ee-a081-f7b8e5a0aacc gtfy-1 gutenify-list-item\">Wchodz\u0105c do \u015bwietlicy zg\u0142aszam swoje przybycie.<\/li>\n\n\n\n<li class=\"gutenify-section-26229f10-482f-11ee-a081-f7b8e5a0aacc gtfy-2 gutenify-list-item\">Nie wychodz\u0119 ze \u015bwietlicy szkolnej bez zgody wychowawcy.<\/li>\n\n\n\n<li class=\"gutenify-section-2622ed30-482f-11ee-a081-f7b8e5a0aacc gtfy-3 gutenify-list-item\">Nie oddalam sie od wychowawcy podczas wyj\u015bcia poza sal\u0119 \u015bwietlicow\u0105.<\/li>\n\n\n\n<li class=\"gutenify-section-26231440-482f-11ee-a081-f7b8e5a0aacc gtfy-4 gutenify-list-item\">Przychod\u017ce do \u015bwietlicy zaraz po przybyciu do szko\u0142y lub po sko\u0144czonych zaj\u0119ciach.<\/li>\n\n\n\n<li class=\"gutenify-section-26236260-482f-11ee-a081-f7b8e5a0aacc gtfy-5 gutenify-list-item\">Bawi\u0119 si\u0119 i pracuj\u0119 w spos\u00f3b bezpieczny dla siebie i innych.<\/li>\n\n\n\n<li class=\"gutenify-section-26238970-482f-11ee-a081-f7b8e5a0aacc gtfy-6 gutenify-list-item\">Szanuj\u0119 innych, nikomu nie dokuczam.<\/li>\n\n\n\n<li class=\"gutenify-section-2623d790-482f-11ee-a081-f7b8e5a0aacc gtfy-7 gutenify-list-item\">Bior\u0119 aktywny udzia\u0142 w zaj\u0119ciach.<\/li>\n\n\n\n<li class=\"gutenify-section-2623fea0-482f-11ee-a081-f7b8e5a0aacc gtfy-8 gutenify-list-item\">Staram si\u0119 cicho pracowa\u0107 i bawi\u0107.<\/li>\n\n\n\n<li class=\"gutenify-section-26244cc0-482f-11ee-a081-f7b8e5a0aacc gtfy-9 gutenify-list-item\">S\u0142ucham uwa\u017cnie pr\u00f3\u015b i polece\u0144 nauczyciela &#8211; staram si\u0119 jej jak najlepiej wykona\u0107.<\/li>\n\n\n\n<li class=\"gutenify-section-262473d0-482f-11ee-a081-f7b8e5a0aacc gtfy-10 gutenify-list-item\">Nie przeszkadzam nauczycielom w prowadzeniu zaj\u0119\u0107.<\/li>\n\n\n\n<li class=\"gutenify-section-2624c1f0-482f-11ee-a081-f7b8e5a0aacc gtfy-11 gutenify-list-item\">Nie przeszkadzam innym dzieciom w pracy i zabawie.<\/li>\n\n\n\n<li class=\"gutenify-section-2624e900-482f-11ee-a081-f7b8e5a0aacc gtfy-12 gutenify-list-item\">Dbam o porz\u0105dek w sali.<\/li>\n\n\n\n<li class=\"gutenify-section-26251010-482f-11ee-a081-f7b8e5a0aacc gtfy-13 gutenify-list-item\">Po sko\u0144czonej zabawie i po zaj\u0119ciach zawsze porz\u0105dkuj\u0119 swoje otoczenie.<\/li>\n\n\n\n<li class=\"gutenify-section-26253720-482f-11ee-a081-f7b8e5a0aacc gtfy-14 gutenify-list-item\">Szanuj\u0119 sprz\u0119ty i przedmioty b\u0119d\u0105ce na wyposa\u017ceniu \u015bwietlicy.<\/li>\n\n\n\n<li class=\"gutenify-section-2626e4d0-482f-11ee-a081-f7b8e5a0aacc gtfy-15 gutenify-list-item\">Szanuj\u0119 cudz\u0105 w\u0142\u0105sno\u015b\u0107.<\/li>\n\n\n\n<li class=\"gutenify-section-262732f0-482f-11ee-a081-f7b8e5a0aacc gtfy-16 gutenify-list-item\">Bez zgody w\u0142a\u015bciciela nie ruszam cudzych rzeczy.<\/li>\n\n\n\n<li class=\"gutenify-section-26278110-482f-11ee-a081-f7b8e5a0aacc gtfy-17 gutenify-list-item\">Dbam o higien\u0119 osobist\u0105.<\/li>\n\n\n\n<li class=\"gutenify-section-2627a820-482f-11ee-a081-f7b8e5a0aacc gtfy-18 gutenify-list-item\">Myje r\u0119ce przed posi\u0142kiem, gdy skorzystam z toalety, po powrocie z boiska.<\/li>\n\n\n\n<li class=\"gutenify-section-2627f640-482f-11ee-a081-f7b8e5a0aacc gtfy-19 gutenify-list-item\">Gdy w \u015bwietlicy spo\u017cywam posi\u0142ki i napoje siadam przy stoliku.<\/li>\n\n\n\n<li class=\"gutenify-section-26281d50-482f-11ee-a081-f7b8e5a0aacc gtfy-20 gutenify-list-item\">Zmieniam obuwie i pozostawiam w szatni ubrania wierzchnie.<\/li>\n<\/ol>\n<\/div>\n<\/div>\n","protected":false},"excerpt":{"rendered":"","protected":false},"author":1,"featured_media":225,"parent":599,"menu_order":0,"comment_status":"closed","ping_status":"closed","template":"","meta":{"footnotes":""},"class_list":["post-229","page","type-page","status-publish","has-post-thumbnail","hentry"],"_links":{"self":[{"href":"https:\/\/www.zsp3katowice.cal24.pl\/sp47\/wp-json\/wp\/v2\/pages\/229","targetHints":{"allow":["GET"]}}],"collection":[{"href":"https:\/\/www.zsp3katowice.cal24.pl\/sp47\/wp-json\/wp\/v2\/pages"}],"about":[{"href":"https:\/\/www.zsp3katowice.cal24.pl\/sp47\/wp-json\/wp\/v2\/types\/page"}],"author":[{"embeddable":true,"href":"https:\/\/www.zsp3katowice.cal24.pl\/sp47\/wp-json\/wp\/v2\/users\/1"}],"replies":[{"embeddable":true,"href":"https:\/\/www.zsp3katowice.cal24.pl\/sp47\/wp-json\/wp\/v2\/comments?post=229"}],"version-history":[{"count":14,"href":"https:\/\/www.zsp3katowice.cal24.pl\/sp47\/wp-json\/wp\/v2\/pages\/229\/revisions"}],"predecessor-version":[{"id":11176,"href":"https:\/\/www.zsp3katowice.cal24.pl\/sp47\/wp-json\/wp\/v2\/pages\/229\/revisions\/11176"}],"up":[{"embeddable":true,"href":"https:\/\/www.zsp3katowice.cal24.pl\/sp47\/wp-json\/wp\/v2\/pages\/599"}],"wp:featuredmedia":[{"embeddable":true,"href":"https:\/\/www.zsp3katowice.cal24.pl\/sp47\/wp-json\/wp\/v2\/media\/225"}],"wp:attachment":[{"href":"https:\/\/www.zsp3katowice.cal24.pl\/sp47\/wp-json\/wp\/v2\/media?parent=229"}],"curies":[{"name":"wp","href":"https:\/\/api.w.org\/{rel}","templated":true}]}}