{"id":266,"date":"2022-10-01T21:26:44","date_gmt":"2022-10-01T21:26:44","guid":{"rendered":"http:\/\/www.zsp3katowice.cal24.pl\/sp47\/?page_id=266"},"modified":"2025-07-18T09:02:54","modified_gmt":"2025-07-18T09:02:54","slug":"godziny-pracy-biblioteki-szkolnej","status":"publish","type":"page","link":"https:\/\/www.zsp3katowice.cal24.pl\/sp47\/biblioteka\/godziny-pracy-biblioteki-szkolnej\/","title":{"rendered":"Godziny pracy biblioteki szkolnej"},"content":{"rendered":"<div id=\"fb-root\"><\/div>\n\n<div class=\"wp-block-group alignfull gutenify-section-da5661d0-63b5-11f0-b296-5ba283c6e0dc is-layout-constrained wp-block-group-is-layout-constrained gtfy-4\">\n<div class=\"wp-block-cover aligncenter gutenify-section-44e763c0-482c-11ee-b74c-0d3e12a13cfe gtfy-2\" style=\"min-height:280px;aspect-ratio:unset;\"><img loading=\"lazy\" decoding=\"async\" width=\"1024\" height=\"682\" class=\"wp-block-cover__image-background wp-image-257\" alt=\"\" src=\"https:\/\/www.zsp3katowice.cal24.pl\/sp47\/wp-content\/uploads\/2022\/10\/learning-164331_1280-edited-1024x682.jpg\" style=\"object-position:47% 57%\" data-object-fit=\"cover\" data-object-position=\"47% 57%\" srcset=\"https:\/\/www.zsp3katowice.cal24.pl\/sp47\/wp-content\/uploads\/2022\/10\/learning-164331_1280-edited-1024x682.jpg 1024w, https:\/\/www.zsp3katowice.cal24.pl\/sp47\/wp-content\/uploads\/2022\/10\/learning-164331_1280-edited-300x200.jpg 300w, https:\/\/www.zsp3katowice.cal24.pl\/sp47\/wp-content\/uploads\/2022\/10\/learning-164331_1280-edited-768x512.jpg 768w, https:\/\/www.zsp3katowice.cal24.pl\/sp47\/wp-content\/uploads\/2022\/10\/learning-164331_1280-edited.jpg 1271w\" sizes=\"auto, (max-width: 1024px) 100vw, 1024px\" \/><span aria-hidden=\"true\" class=\"wp-block-cover__background has-background-dim wp-block-cover__gradient-background has-background-gradient has-vertical-secondary-to-background-gradient-background\"><\/span><div class=\"wp-block-cover__inner-container is-layout-flow wp-block-cover-is-layout-flow\">\n<h1 class=\"wp-block-heading has-text-align-center has-background-color has-text-color has-slider-title-font-size gutenify-section-5650a270-482c-11ee-b74c-0d3e12a13cfe gtfy-1\"><strong>Biblioteka szkolna pracuje w godzinach:<\/strong><\/h1>\n<\/div><\/div>\n\n\n\n<figure class=\"wp-block-table is-style-stripes gutenify-section-d46e0e00-482b-11ee-b74c-0d3e12a13cfe gtfy-3\"><table><tbody><tr><td><strong>PONIEDZIA\u0141EK<\/strong><\/td><td>12:30-16:00<\/td><\/tr><tr><td><strong>WTOREK<\/strong><\/td><td>12:30-16:00<\/td><\/tr><tr><td><strong>\u015aRODA<\/strong><\/td><td>7:00 -14:00<\/td><\/tr><tr><td><strong>CZWARTEK<\/strong><\/td><td>7:00 -14:00<\/td><\/tr><tr><td><strong>PI\u0104TEK<\/strong><\/td><td>7:00 -12:00<\/td><\/tr><\/tbody><\/table><\/figure>\n<\/div>\n","protected":false},"excerpt":{"rendered":"<p>PONIEDZIA\u0141EK 12:30-16:00 WTOREK 12:30-16:00 \u015aRODA 7:00 -14:00 CZWARTEK 7:00 -14:00 PI\u0104TEK 7:00 -12:00<\/p>\n","protected":false},"author":1,"featured_media":193,"parent":150,"menu_order":0,"comment_status":"closed","ping_status":"closed","template":"","meta":{"footnotes":""},"class_list":["post-266","page","type-page","status-publish","has-post-thumbnail","hentry"],"_links":{"self":[{"href":"https:\/\/www.zsp3katowice.cal24.pl\/sp47\/wp-json\/wp\/v2\/pages\/266","targetHints":{"allow":["GET"]}}],"collection":[{"href":"https:\/\/www.zsp3katowice.cal24.pl\/sp47\/wp-json\/wp\/v2\/pages"}],"about":[{"href":"https:\/\/www.zsp3katowice.cal24.pl\/sp47\/wp-json\/wp\/v2\/types\/page"}],"author":[{"embeddable":true,"href":"https:\/\/www.zsp3katowice.cal24.pl\/sp47\/wp-json\/wp\/v2\/users\/1"}],"replies":[{"embeddable":true,"href":"https:\/\/www.zsp3katowice.cal24.pl\/sp47\/wp-json\/wp\/v2\/comments?post=266"}],"version-history":[{"count":21,"href":"https:\/\/www.zsp3katowice.cal24.pl\/sp47\/wp-json\/wp\/v2\/pages\/266\/revisions"}],"predecessor-version":[{"id":11553,"href":"https:\/\/www.zsp3katowice.cal24.pl\/sp47\/wp-json\/wp\/v2\/pages\/266\/revisions\/11553"}],"up":[{"embeddable":true,"href":"https:\/\/www.zsp3katowice.cal24.pl\/sp47\/wp-json\/wp\/v2\/pages\/150"}],"wp:featuredmedia":[{"embeddable":true,"href":"https:\/\/www.zsp3katowice.cal24.pl\/sp47\/wp-json\/wp\/v2\/media\/193"}],"wp:attachment":[{"href":"https:\/\/www.zsp3katowice.cal24.pl\/sp47\/wp-json\/wp\/v2\/media?parent=266"}],"curies":[{"name":"wp","href":"https:\/\/api.w.org\/{rel}","templated":true}]}}