{"id":269,"date":"2022-10-01T21:28:52","date_gmt":"2022-10-01T21:28:52","guid":{"rendered":"http:\/\/www.zsp3katowice.cal24.pl\/sp47\/?page_id=269"},"modified":"2024-01-12T16:07:18","modified_gmt":"2024-01-12T16:07:18","slug":"zasady-korzystania-z-biblioteki","status":"publish","type":"page","link":"https:\/\/www.zsp3katowice.cal24.pl\/sp47\/biblioteka\/zasady-korzystania-z-biblioteki\/","title":{"rendered":"Zasady korzystania z biblioteki"},"content":{"rendered":"<div id=\"fb-root\"><\/div>\n\n<div class=\"wp-block-group gutenify-section-12e81670-b164-11ee-8737-8d49f8ee71d0 is-layout-constrained wp-block-group-is-layout-constrained gtfy-3\"><figure class=\"wp-block-post-featured-image gtfy-1\"><img loading=\"lazy\" decoding=\"async\" width=\"1500\" height=\"1000\" src=\"https:\/\/www.zsp3katowice.cal24.pl\/sp47\/wp-content\/uploads\/2022\/10\/schoolboy-getting-knowledge-from-thick-book.jpg\" class=\"attachment-post-thumbnail size-post-thumbnail wp-post-image\" alt=\"\" style=\"object-fit:cover;\" srcset=\"https:\/\/www.zsp3katowice.cal24.pl\/sp47\/wp-content\/uploads\/2022\/10\/schoolboy-getting-knowledge-from-thick-book.jpg 1500w, https:\/\/www.zsp3katowice.cal24.pl\/sp47\/wp-content\/uploads\/2022\/10\/schoolboy-getting-knowledge-from-thick-book-300x200.jpg 300w, https:\/\/www.zsp3katowice.cal24.pl\/sp47\/wp-content\/uploads\/2022\/10\/schoolboy-getting-knowledge-from-thick-book-1024x683.jpg 1024w, https:\/\/www.zsp3katowice.cal24.pl\/sp47\/wp-content\/uploads\/2022\/10\/schoolboy-getting-knowledge-from-thick-book-768x512.jpg 768w\" sizes=\"auto, (max-width: 1500px) 100vw, 1500px\" \/><\/figure>\n\n\n<hr class=\"wp-block-separator has-text-color has-primary-color has-alpha-channel-opacity has-primary-background-color has-background gutenify-section-d5a89d20-b163-11ee-8737-8d49f8ee71d0 gtfy-2\"\/>\n<\/div>\n\n\n\n<div class=\"wp-block-group gutenify-section-cc0cbe90-b163-11ee-8737-8d49f8ee71d0 is-layout-constrained wp-block-group-is-layout-constrained gtfy-74\">\n<h2 class=\"wp-block-heading gutenify-section-e2de9260-b163-11ee-8737-8d49f8ee71d0 gtfy-6\">WYPO\u017bYCZANIE UCZNIOM PODR\u0118CZNIK\u00d3W LUB MATERIA\u0141\u00d3W EDUKACYJNYCH<br>ORAZ PRZEKAZYWANIE MATERIA\u0141\u00d3W \u0106WICZENIOWYCH<\/h2>\n\n\n\n<p class=\"gutenify-section-c0e5ac20-b163-11ee-8737-8d49f8ee71d0 gtfy-7\">\u00a7 3<\/p>\n\n\n\n<ol class=\"gutenify-section-c0e66f70-b163-11ee-8737-8d49f8ee71d0 wp-block-list gtfy-9\">\n<li class=\"gutenify-section-c0e62150-b163-11ee-8737-8d49f8ee71d0 gtfy-8 gutenify-list-item\">Biblioteka podr\u0119cznik\u00f3w szkolnych, zwana dalej Bibliotek\u0105, gromadzi podr\u0119czniki, materia\u0142y edukacyjne, materia\u0142y \u0107wiczeniowe i inne materia\u0142y biblioteczne.<\/li>\n<\/ol>\n\n\n\n<ol start=\"2\" class=\"gutenify-section-c0e86b40-b163-11ee-8737-8d49f8ee71d0 wp-block-list gtfy-12\">\n<li class=\"gutenify-section-c0e780e0-b163-11ee-8737-8d49f8ee71d0 gtfy-10 gutenify-list-item\">Podr\u0119czniki i materia\u0142y edukacyjne powinny by\u0107 u\u017cytkowane przez okres co najmniej 3 lat.<\/li>\n\n\n\n<li class=\"gutenify-section-c0e7f610-b163-11ee-8737-8d49f8ee71d0 gtfy-11 gutenify-list-item\">Biblioteka nieodp\u0142atnie:<\/li>\n<\/ol>\n\n\n\n<ul class=\"gutenify-section-3b5890d0-b164-11ee-8737-8d49f8ee71d0 wp-block-list gtfy-16\">\n<li class=\"gutenify-section-3b544b10-b164-11ee-8737-8d49f8ee71d0 gtfy-13 gutenify-list-item\">wypo\u017cycza uczniom podr\u0119czniki lub materia\u0142y edukacyjne, maj\u0105ce posta\u0107 papierow\u0105;<\/li>\n\n\n\n<li class=\"gutenify-section-3b553570-b164-11ee-8737-8d49f8ee71d0 gtfy-14 gutenify-list-item\">zapewnia uczniom dost\u0119p do podr\u0119cznik\u00f3w lub materia\u0142\u00f3w edukacyjnych, maj\u0105cych posta\u0107 elektroniczn\u0105;<\/li>\n\n\n\n<li class=\"gutenify-section-3b55f8c0-b164-11ee-8737-8d49f8ee71d0 gtfy-15 gutenify-list-item\">przekazuje uczniom materia\u0142y \u0107wiczeniowe bez obowi\u0105zku zwrotu lub je udost\u0119pnia.<\/li>\n<\/ul>\n\n\n\n<ol start=\"4\" class=\"gutenify-section-c0eb2a60-b163-11ee-8737-8d49f8ee71d0 wp-block-list gtfy-18\">\n<li class=\"gutenify-section-c0ea6710-b163-11ee-8737-8d49f8ee71d0 gtfy-17 gutenify-list-item\">Do\u0142\u0105czona do podr\u0119cznika lub materia\u0142\u00f3w edukacyjnych p\u0142yta CD stanowi integraln\u0105 cz\u0119\u015b\u0107 podr\u0119cznika lub materia\u0142\u00f3w edukacyjnych i nale\u017cy j\u0105 zwr\u00f3ci\u0107 wraz z podr\u0119cznikiem lub materia\u0142em edukacyjnym. Zagubienie p\u0142yty CD skutkuje konieczno\u015bci\u0105 odkupienia ca\u0142ego podr\u0119cznika lub materia\u0142\u00f3w edukacyjnych.<\/li>\n<\/ol>\n\n\n\n<p class=\"gutenify-section-c0ec89f0-b163-11ee-8737-8d49f8ee71d0 gtfy-19\">\u00a7 4<\/p>\n\n\n\n<ol class=\"gutenify-section-c0ee37a0-b163-11ee-8737-8d49f8ee71d0 wp-block-list gtfy-23\">\n<li class=\"gutenify-section-c0ecff20-b163-11ee-8737-8d49f8ee71d0 gtfy-20 gutenify-list-item\">Wypo\u017cyczanie i zwrot podr\u0119cznik\u00f3w lub materia\u0142\u00f3w edukacyjnych podlega ewidencji.<\/li>\n\n\n\n<li class=\"gutenify-section-c0ed4d40-b163-11ee-8737-8d49f8ee71d0 gtfy-21 gutenify-list-item\">Ewidencja g\u0142\u00f3wna prowadzona jest przez nauczyciela bibliotekarza.<\/li>\n\n\n\n<li class=\"gutenify-section-c0edc270-b163-11ee-8737-8d49f8ee71d0 gtfy-22 gutenify-list-item\">Ewidencja w zespole klasowym prowadzona jest przez wychowawc\u0119 danej klasy poprzez uzupe\u0142nienie stosownej dokumentacji.<\/li>\n<\/ol>\n\n\n\n<ol start=\"3\" class=\"gutenify-section-c0ef4910-b163-11ee-8737-8d49f8ee71d0 wp-block-list gtfy-25\">\n<li class=\"gutenify-section-c0eefaf0-b163-11ee-8737-8d49f8ee71d0 gtfy-24 gutenify-list-item\">Wersje elektroniczne podr\u0119cznik\u00f3w lub materia\u0142\u00f3w edukacyjnych udost\u0119pnione s\u0105 na stronie internetowej szko\u0142y.<\/li>\n<\/ol>\n\n\n\n<p class=\"gutenify-section-c0f00c60-b163-11ee-8737-8d49f8ee71d0 gtfy-26\">\u00a7 5<\/p>\n\n\n\n<ol class=\"gutenify-section-c0f19300-b163-11ee-8737-8d49f8ee71d0 wp-block-list gtfy-30\">\n<li class=\"gutenify-section-c0f05a80-b163-11ee-8737-8d49f8ee71d0 gtfy-27 gutenify-list-item\">Wypo\u017cyczanie odbywa si\u0119 najp\u00f3\u017aniej do dnia 14 wrze\u015bnia danego roku szkolnego.<br>W przypadku kiedy do 14 wrze\u015bnia podr\u0119czniki nie zostan\u0105 dostarczone do szko\u0142y,<br>wypo\u017cyczenie nast\u0105pi w najbli\u017cszym czasie po ich dos\u0142aniu.<\/li>\n\n\n\n<li class=\"gutenify-section-c0f0cfb0-b163-11ee-8737-8d49f8ee71d0 gtfy-28 gutenify-list-item\">Podr\u0119czniki lub materia\u0142y edukacyjne wypo\u017cyczane s\u0105 na okres zaj\u0119\u0107<br>dydaktyczno-wychowawczych, z terminem zwrotu do 20 czerwca danego roku szkolnego.<\/li>\n\n\n\n<li class=\"gutenify-section-c0f11dd0-b163-11ee-8737-8d49f8ee71d0 gtfy-29 gutenify-list-item\">Do\u0142\u0105czone do podr\u0119cznik\u00f3w lub materia\u0142\u00f3w edukacyjnych p\u0142yty CD\/DVD, mapy, plansze itd. stanowi\u0105 integralna cz\u0119\u015b\u0107 podr\u0119cznik\u00f3w lub materia\u0142\u00f3w edukacyjnych (nie mo\u017ce by\u0107 oddzielnie wypo\u017cyczane).<\/li>\n<\/ol>\n\n\n\n<ol start=\"5\" class=\"gutenify-section-c0f2cb80-b163-11ee-8737-8d49f8ee71d0 wp-block-list gtfy-32\">\n<li class=\"gutenify-section-c0f27d60-b163-11ee-8737-8d49f8ee71d0 gtfy-31 gutenify-list-item\">Wychowawca klasy, na podstawie stosownego protoko\u0142u, odbiera z biblioteki podr\u0119czniki lub materia\u0142y edukacyjne w liczbie r\u00f3wnej uczniom swojej klasy.<\/li>\n<\/ol>\n\n\n\n<ol start=\"6\" class=\"gutenify-section-c0f40400-b163-11ee-8737-8d49f8ee71d0 wp-block-list gtfy-34\">\n<li class=\"gutenify-section-c0f38ed0-b163-11ee-8737-8d49f8ee71d0 gtfy-33 gutenify-list-item\">Rodzice zobowi\u0105zani s\u0105 do po\u015bwiadczenia odbioru podr\u0119cznik\u00f3w i materia\u0142\u00f3w \u0107wiczeniowych na dany rok szkolny oraz zapoznania si\u0119 z regulaminem.<\/li>\n<\/ol>\n\n\n\n<p class=\"gutenify-section-c0f4c750-b163-11ee-8737-8d49f8ee71d0 gtfy-35\">\u00a7 6<\/p>\n\n\n\n<p class=\"gutenify-section-c0f56390-b163-11ee-8737-8d49f8ee71d0 gtfy-36\">Zmiana szko\u0142y<\/p>\n\n\n\n<ol class=\"gutenify-section-c0f67500-b163-11ee-8737-8d49f8ee71d0 wp-block-list gtfy-39\">\n<li class=\"gutenify-section-c0f5b1b0-b163-11ee-8737-8d49f8ee71d0 gtfy-37 gutenify-list-item\">Ucze\u0144, kt\u00f3ry w trakcie roku szkolnego przechodzi z jednej szko\u0142y do innej szko\u0142y, zobowi\u0105zany jest zwr\u00f3ci\u0107 otrzymany podr\u0119cznik lub materia\u0142y edukacyjne, z wyj\u0105tkiem okre\u015blonym w ust. 2.<\/li>\n\n\n\n<li class=\"gutenify-section-c0f626e0-b163-11ee-8737-8d49f8ee71d0 gtfy-38 gutenify-list-item\">Ucze\u0144 niepe\u0142nosprawny zmieniaj\u0105cy w trakcie roku szko\u0142\u0119 nie ma obowi\u0105zku zwrotu podr\u0119cznik\u00f3w lub materia\u0142\u00f3w edukacyjnych tylko w przypadku, gdy podr\u0119czniki te zosta\u0142y dostosowane do jego potrzeb, na przyk\u0142ad maj\u0105 powi\u0119kszon\u0105 czcionk\u0119.<\/li>\n<\/ol>\n\n\n\n<p class=\"gutenify-section-c0f6ea30-b163-11ee-8737-8d49f8ee71d0 gtfy-40\">ROZDZIA\u0141 III<\/p>\n\n\n\n<h2 class=\"wp-block-heading gutenify-section-70343660-b164-11ee-8737-8d49f8ee71d0 gtfy-41\">ODPOWIEDZIALNO\u015a\u0106 ZA UDOST\u0118PNIANE PODR\u0118CZNIKI<\/h2>\n\n\n\n<p class=\"gutenify-section-c0f7ad80-b163-11ee-8737-8d49f8ee71d0 gtfy-42\">\u00a7 7<\/p>\n\n\n\n<p class=\"gutenify-section-c0f7fba0-b163-11ee-8737-8d49f8ee71d0 gtfy-43\">Obowi\u0105zki Ucznia zwi\u0105zane z wypo\u017cyczeniem<\/p>\n\n\n\n<ol class=\"gutenify-section-c0f8e600-b163-11ee-8737-8d49f8ee71d0 wp-block-list gtfy-45\">\n<li class=\"gutenify-section-c0f870d0-b163-11ee-8737-8d49f8ee71d0 gtfy-44 gutenify-list-item\">Przez ca\u0142y okres u\u017cytkowania podr\u0119cznik\u00f3w lub materia\u0142\u00f3w edukacyjnych ucze\u0144zobowi\u0105zany jest dba\u0107 o stan u\u017cytkowy ksi\u0105\u017cek.<\/li>\n<\/ol>\n\n\n\n<ol start=\"3\" class=\"gutenify-section-c0fae1d0-b163-11ee-8737-8d49f8ee71d0 wp-block-list gtfy-49\">\n<li class=\"gutenify-section-c0f9a950-b163-11ee-8737-8d49f8ee71d0 gtfy-46 gutenify-list-item\">Zabrania si\u0119 dokonywania jakichkolwiek wpis\u00f3w i notatek w podr\u0119cznikach.<\/li>\n\n\n\n<li class=\"gutenify-section-c0fa1e80-b163-11ee-8737-8d49f8ee71d0 gtfy-47 gutenify-list-item\">Wraz z up\u0142ywem terminu zwrotu ucze\u0144 powinien uporz\u0105dkowa\u0107 podr\u0119czniki, na przyk\u0142ad podklei\u0107, a nast\u0119pnie odda\u0107 do wychowawcy klasy wszystkie wypo\u017cyczone podr\u0119czniki wraz z ich dodatkowym wyposa\u017ceniem.<\/li>\n\n\n\n<li class=\"gutenify-section-c0fa6ca0-b163-11ee-8737-8d49f8ee71d0 gtfy-48 gutenify-list-item\">Wychowawca ma obowi\u0105zek poinformowania uczni\u00f3w oraz rodzic\u00f3w o zasadach korzystania<br>z podr\u0119cznik\u00f3w lub materia\u0142\u00f3w edukacyjnych.<\/li>\n<\/ol>\n\n\n\n<p class=\"gutenify-section-c0fb2ff0-b163-11ee-8737-8d49f8ee71d0 gtfy-50\">ROZDZIA\u0141 IV<\/p>\n\n\n\n<h2 class=\"wp-block-heading gutenify-section-7b921040-b164-11ee-8737-8d49f8ee71d0 gtfy-51\">POST\u0118POWANIE W PRZYPADKU USZKODZENIA, ZNISZCZENIA LUB NIEZWR\u00d3CENIA<br>W TERMINIE PODR\u0118CZNIKA LUB MATERIA\u0141U EDUKACYJNEGO<\/h2>\n\n\n\n<p class=\"gutenify-section-c0fc1a50-b163-11ee-8737-8d49f8ee71d0 gtfy-52\">\u00a7 8<\/p>\n\n\n\n<ol class=\"gutenify-section-c0fd04b0-b163-11ee-8737-8d49f8ee71d0 wp-block-list gtfy-54\">\n<li class=\"gutenify-section-c0fc8f80-b163-11ee-8737-8d49f8ee71d0 gtfy-53 gutenify-list-item\">Ucze\u0144 ponosi pe\u0142n\u0105 odpowiedzialno\u015b\u0107 materialn\u0105 za wszelkie uszkodzenia lub zniszczenia wypo\u017cyczonych podr\u0119cznik\u00f3w lub materia\u0142\u00f3w edukacyjnych, nieujawnionych w chwili wypo\u017cyczenia.<\/li>\n<\/ol>\n\n\n\n<ol start=\"2\" class=\"gutenify-section-c0fe1620-b163-11ee-8737-8d49f8ee71d0 wp-block-list gtfy-56\">\n<li class=\"gutenify-section-c0fdc800-b163-11ee-8737-8d49f8ee71d0 gtfy-55 gutenify-list-item\">W przypadku uszkodzenia lub zniszczenia podr\u0119cznika, lub materia\u0142u edukacyjnego w terminie, o kt\u00f3rym mowa w \u00a7 5 ust. 3, szko\u0142a mo\u017ce \u017c\u0105da\u0107 od rodzic\u00f3w ucznia odkupienia podr\u0119cznika lub materia\u0142u edukacyjnego.<\/li>\n<\/ol>\n\n\n\n<ol start=\"3\" class=\"gutenify-section-c0ff4ea0-b163-11ee-8737-8d49f8ee71d0 wp-block-list gtfy-58\">\n<li class=\"gutenify-section-c0fed970-b163-11ee-8737-8d49f8ee71d0 gtfy-57 gutenify-list-item\">Przez uszkodzenie podr\u0119cznika lub materia\u0142\u00f3w edukacyjnych rozumie si\u0119 dzia\u0142anie, kt\u00f3re powoduje pomniejszenie warto\u015bci u\u017cytkowej podr\u0119cznika lub materia\u0142u edukacyjnego, na przyk\u0142ad zabrudzenie, poplamienie, popisanie, zgniecenie, rozerwanie, a jest mo\u017cliwe usuni\u0119cie skutk\u00f3w tych narusze\u0144, na \u017c\u0105danie wychowawcy klasy lub bibliotekarza, ucze\u0144 zobowi\u0105zany jest podr\u0119cznik lub materia\u0142 edukacyjny naprawi\u0107.<\/li>\n<\/ol>\n\n\n\n<ol start=\"4\" class=\"gutenify-section-c100fc50-b163-11ee-8737-8d49f8ee71d0 wp-block-list gtfy-60\">\n<li class=\"gutenify-section-c100ae30-b163-11ee-8737-8d49f8ee71d0 gtfy-59 gutenify-list-item\">Przez zniszczenie podr\u0119cznika lub materia\u0142u edukacyjnego rozumie si\u0119 dzia\u0142anie, kt\u00f3re uniemo\u017cliwia dalsze ich wykorzystywanie, na przyk\u0142ad poplamienie, po\u0142amanie, rozerwanie, wyrwanie, zgubienie kartek, zalanie, itp.<\/li>\n<\/ol>\n\n\n\n<ol start=\"5\" class=\"gutenify-section-c1025be0-b163-11ee-8737-8d49f8ee71d0 wp-block-list gtfy-62\">\n<li class=\"gutenify-section-c101e6b0-b163-11ee-8737-8d49f8ee71d0 gtfy-61 gutenify-list-item\">Je\u017celi do podr\u0119cznika lub materia\u0142u edukacyjnego do\u0142\u0105czone by\u0142y p\u0142yta CD\/ DVD, mapy, Plansze itd., nale\u017cy je zwr\u00f3ci\u0107 wraz z podr\u0119cznikiem lub materia\u0142em edukacyjnym. Zgubienie p\u0142yty CD skutkuje konieczno\u015bci\u0105 odkupienia ca\u0142ego podr\u0119cznika lub materia\u0142\u00f3w edukacyjnych.<\/li>\n<\/ol>\n\n\n\n<ol start=\"6\" class=\"gutenify-section-c1040990-b163-11ee-8737-8d49f8ee71d0 wp-block-list gtfy-64\">\n<li class=\"gutenify-section-c1039460-b163-11ee-8737-8d49f8ee71d0 gtfy-63 gutenify-list-item\">Stan zniszczenia podr\u0119cznika oceniany jest przez specjalnie w tym celu powo\u0142an\u0105 komisj\u0119. Po ka\u017cdym posiedzeniu komisji sporz\u0105dzany jest protok\u00f3\u0142, w kt\u00f3rym zawarty jest wykaz os\u00f3b, kt\u00f3rych podr\u0119cznik zakwalifikowany zosta\u0142 jako zniszczony.<\/li>\n<\/ol>\n\n\n\n<p class=\"gutenify-section-c10457b0-b163-11ee-8737-8d49f8ee71d0 gtfy-65\">\u00a7 9<\/p>\n\n\n\n<ol class=\"gutenify-section-c1054210-b163-11ee-8737-8d49f8ee71d0 wp-block-list gtfy-67\">\n<li class=\"gutenify-section-c104cce0-b163-11ee-8737-8d49f8ee71d0 gtfy-66 gutenify-list-item\">W przypadku nieodkupienia lub niezwr\u00f3cenia podr\u0119cznika czy materia\u0142u edukacyjnego szko\u0142a, w porozumieniu z organem prowadz\u0105cym, mo\u017ce wyst\u0105pi\u0107 na drog\u0119 post\u0119powania s\u0105dowego.<\/li>\n<\/ol>\n\n\n\n<p class=\"gutenify-section-c1059030-b163-11ee-8737-8d49f8ee71d0 gtfy-68\">ROZDZIA\u0141 V<\/p>\n\n\n\n<h2 class=\"wp-block-heading gutenify-section-a1676d60-b164-11ee-8737-8d49f8ee71d0 gtfy-69\">PRZEPISY KO\u0143COWE<\/h2>\n\n\n\n<p class=\"gutenify-section-c1067a90-b163-11ee-8737-8d49f8ee71d0 gtfy-70\">\u00a7 10<\/p>\n\n\n\n<ol class=\"gutenify-section-c109fd00-b163-11ee-8737-8d49f8ee71d0 wp-block-list gtfy-73\">\n<li class=\"gutenify-section-c10716d0-b163-11ee-8737-8d49f8ee71d0 gtfy-71 gutenify-list-item\">Organem uprawnionym do zmian i interpretacji postanowie\u0144 regulaminu jest Dyrektor Szko\u0142y.<\/li>\n\n\n\n<li class=\"gutenify-section-c1078c00-b163-11ee-8737-8d49f8ee71d0 gtfy-72 gutenify-list-item\">Decyzje w kwestiach z zakresu wypo\u017cyczania lub udost\u0119pniania podr\u0119cznik\u00f3w lub materia\u0142\u00f3w edukacyjnych, kt\u00f3re nie zosta\u0142y uj\u0119te w niniejszym regulaminie, podejmuje Dyrektor Szko\u0142y.<\/li>\n<\/ol>\n<\/div>\n","protected":false},"excerpt":{"rendered":"<p>WYPO\u017bYCZANIE UCZNIOM PODR\u0118CZNIK\u00d3W LUB MATERIA\u0141\u00d3W EDUKACYJNYCHORAZ PRZEKAZYWANIE MATERIA\u0141\u00d3W \u0106WICZENIOWYCH \u00a7 3 \u00a7 4 \u00a7 5 [&hellip;]<\/p>\n","protected":false},"author":1,"featured_media":593,"parent":150,"menu_order":0,"comment_status":"closed","ping_status":"closed","template":"","meta":{"footnotes":""},"class_list":["post-269","page","type-page","status-publish","has-post-thumbnail","hentry"],"_links":{"self":[{"href":"https:\/\/www.zsp3katowice.cal24.pl\/sp47\/wp-json\/wp\/v2\/pages\/269","targetHints":{"allow":["GET"]}}],"collection":[{"href":"https:\/\/www.zsp3katowice.cal24.pl\/sp47\/wp-json\/wp\/v2\/pages"}],"about":[{"href":"https:\/\/www.zsp3katowice.cal24.pl\/sp47\/wp-json\/wp\/v2\/types\/page"}],"author":[{"embeddable":true,"href":"https:\/\/www.zsp3katowice.cal24.pl\/sp47\/wp-json\/wp\/v2\/users\/1"}],"replies":[{"embeddable":true,"href":"https:\/\/www.zsp3katowice.cal24.pl\/sp47\/wp-json\/wp\/v2\/comments?post=269"}],"version-history":[{"count":9,"href":"https:\/\/www.zsp3katowice.cal24.pl\/sp47\/wp-json\/wp\/v2\/pages\/269\/revisions"}],"predecessor-version":[{"id":6676,"href":"https:\/\/www.zsp3katowice.cal24.pl\/sp47\/wp-json\/wp\/v2\/pages\/269\/revisions\/6676"}],"up":[{"embeddable":true,"href":"https:\/\/www.zsp3katowice.cal24.pl\/sp47\/wp-json\/wp\/v2\/pages\/150"}],"wp:featuredmedia":[{"embeddable":true,"href":"https:\/\/www.zsp3katowice.cal24.pl\/sp47\/wp-json\/wp\/v2\/media\/593"}],"wp:attachment":[{"href":"https:\/\/www.zsp3katowice.cal24.pl\/sp47\/wp-json\/wp\/v2\/media?parent=269"}],"curies":[{"name":"wp","href":"https:\/\/api.w.org\/{rel}","templated":true}]}}