{"id":3021,"date":"2023-02-12T10:48:57","date_gmt":"2023-02-12T10:48:57","guid":{"rendered":"https:\/\/www.zsp3katowice.cal24.pl\/sp47\/?page_id=3021"},"modified":"2023-12-01T09:41:40","modified_gmt":"2023-12-01T09:41:40","slug":"integracja","status":"publish","type":"page","link":"https:\/\/www.zsp3katowice.cal24.pl\/sp47\/integracja\/","title":{"rendered":"Integracja"},"content":{"rendered":"<div id=\"fb-root\"><\/div>\n\n<div class=\"wp-block-group alignfull gutenify-section-c52ad760-494e-11ee-acee-8d3361d44702 is-layout-flow wp-container-core-group-is-layout-fa3443d2 wp-block-group-is-layout-flow gtfy-79\" style=\"padding-top:80px;padding-right:0px;padding-bottom:80px;padding-left:0px\">\n<div class=\"wp-block-query gutenify-section-c52ab050-494e-11ee-acee-8d3361d44702 is-layout-constrained wp-block-query-is-layout-constrained gtfy-78\"><ul class=\"alignwide wp-block-post-template is-layout-flow wp-container-core-post-template-is-layout-b377334a wp-block-post-template-is-layout-flow gtfy-77\"><li class=\"wp-block-post post-10174 post type-post status-publish format-standard has-post-thumbnail hentry category-aktualnosci category-integracja\">\n\n<div class=\"wp-block-columns alignwide gutenify-section-c713e2b0-494e-11ee-acee-8d3361d44702 is-layout-flex wp-container-core-columns-is-layout-28f84493 wp-block-columns-is-layout-flex gtfy-25 gtfy-26\">\n<div class=\"wp-block-column gutenify-section-c7125c10-494e-11ee-acee-8d3361d44702 is-layout-constrained wp-block-column-is-layout-constrained gtfy-2\" style=\"flex-basis:66.66%\"><figure style=\"height:350px;\" class=\"wp-block-post-featured-image gtfy-1\"><a href=\"https:\/\/www.zsp3katowice.cal24.pl\/sp47\/aktualnosci\/6-edycja-konkursu-logo-wyzwania-czyli-zmagania-jezykowe-dla-klas-mlodszych\/\" target=\"_self\"  style=\"height:350px\"><img loading=\"lazy\" decoding=\"async\" width=\"1230\" height=\"693\" src=\"https:\/\/www.zsp3katowice.cal24.pl\/sp47\/wp-content\/uploads\/2025\/03\/Logo-Wyzwania-2025_zdjecie-w-tle.jpg\" class=\"attachment-post-thumbnail size-post-thumbnail wp-post-image\" alt=\"6. edycja konkursu &#8222;Logo wyzwania&#8221;, czyli zmagania j\u0119zykowe dla klas m\u0142odszych\" style=\"height:350px;object-fit:cover;\" \/><\/a><\/figure><\/div>\n\n\n\n<div class=\"wp-block-column gutenify-section-c7139490-494e-11ee-acee-8d3361d44702 is-layout-flow wp-block-column-is-layout-flow gtfy-24\" style=\"flex-basis:33.33%\"><h2 style=\"font-size:20px;font-style:normal;font-weight:600;\" class=\"wp-block-post-title gtfy-3\"><a href=\"https:\/\/www.zsp3katowice.cal24.pl\/sp47\/aktualnosci\/6-edycja-konkursu-logo-wyzwania-czyli-zmagania-jezykowe-dla-klas-mlodszych\/\" target=\"_self\" >6. edycja konkursu &#8222;Logo wyzwania&#8221;, czyli zmagania j\u0119zykowe dla klas m\u0142odszych<\/a><\/h2>\n\n\n<hr class=\"wp-block-separator has-text-color has-primary-color has-alpha-channel-opacity has-primary-background-color has-background is-style-default gutenify-section-c712f850-494e-11ee-acee-8d3361d44702 gtfy-4\"\/>\n\n\n<div class=\"wp-block-post-excerpt gtfy-23\"><p class=\"wp-block-post-excerpt__excerpt\">Za nami sz\u00f3sta edycja konkursu logopedycznego pt. \u201eLogo Wyzwania\u201d! Konkurs ten wpisa\u0142 si\u0119 ju\u017c na [&hellip;]<\/p><p class=\"wp-block-post-excerpt__more-text\"><a class=\"wp-block-post-excerpt__more-link\" href=\"https:\/\/www.zsp3katowice.cal24.pl\/sp47\/aktualnosci\/6-edycja-konkursu-logo-wyzwania-czyli-zmagania-jezykowe-dla-klas-mlodszych\/\">Wi\u0119cej<\/a><\/p><\/div><\/div>\n<\/div>\n\n<\/li><li class=\"wp-block-post post-9205 post type-post status-publish format-standard has-post-thumbnail hentry category-aktualnosci category-integracja\">\n\n<div class=\"wp-block-columns alignwide gutenify-section-c713e2b0-494e-11ee-acee-8d3361d44702 is-layout-flex wp-container-core-columns-is-layout-28f84493 wp-block-columns-is-layout-flex gtfy-34 gtfy-35\">\n<div class=\"wp-block-column gutenify-section-c7125c10-494e-11ee-acee-8d3361d44702 is-layout-constrained wp-block-column-is-layout-constrained gtfy-28\" style=\"flex-basis:66.66%\"><figure style=\"height:350px;\" class=\"wp-block-post-featured-image gtfy-27\"><a href=\"https:\/\/www.zsp3katowice.cal24.pl\/sp47\/aktualnosci\/miedzynarodowy-dzien-osob-niepelnosprawnych-2\/\" target=\"_self\"  style=\"height:350px\"><img loading=\"lazy\" decoding=\"async\" width=\"2048\" height=\"1667\" src=\"https:\/\/www.zsp3katowice.cal24.pl\/sp47\/wp-content\/uploads\/2024\/12\/75e593e7-05ea-4c79-a666-4f6991dbf9a5.jpg\" class=\"attachment-post-thumbnail size-post-thumbnail wp-post-image\" alt=\"Mi\u0119dzynarodowy Dzie\u0144 Os\u00f3b Niepe\u0142nosprawnych\" style=\"height:350px;object-fit:cover;\" \/><\/a><\/figure><\/div>\n\n\n\n<div class=\"wp-block-column gutenify-section-c7139490-494e-11ee-acee-8d3361d44702 is-layout-flow wp-block-column-is-layout-flow gtfy-33\" style=\"flex-basis:33.33%\"><h2 style=\"font-size:20px;font-style:normal;font-weight:600;\" class=\"wp-block-post-title gtfy-29\"><a href=\"https:\/\/www.zsp3katowice.cal24.pl\/sp47\/aktualnosci\/miedzynarodowy-dzien-osob-niepelnosprawnych-2\/\" target=\"_self\" >Mi\u0119dzynarodowy Dzie\u0144 Os\u00f3b Niepe\u0142nosprawnych<\/a><\/h2>\n\n\n<hr class=\"wp-block-separator has-text-color has-primary-color has-alpha-channel-opacity has-primary-background-color has-background is-style-default gutenify-section-c712f850-494e-11ee-acee-8d3361d44702 gtfy-30\"\/>\n\n\n<div class=\"wp-block-post-excerpt gtfy-32\"><p class=\"wp-block-post-excerpt__excerpt\">3 grudnia obchodzimy\u00a0Mi\u0119dzynarodowy Dzie\u0144 Os\u00f3b Niepe\u0142nosprawnych\u00a0ustanowiony przez Organizacj\u0119 Narod\u00f3w Zjednoczonych. Tego dnia na ca\u0142ym \u015bwiecie [&hellip;]<\/p><p class=\"wp-block-post-excerpt__more-text\"><a class=\"wp-block-post-excerpt__more-link\" href=\"https:\/\/www.zsp3katowice.cal24.pl\/sp47\/aktualnosci\/miedzynarodowy-dzien-osob-niepelnosprawnych-2\/\">Wi\u0119cej<\/a><\/p><\/div><\/div>\n<\/div>\n\n<\/li><li class=\"wp-block-post post-7416 post type-post status-publish format-standard has-post-thumbnail hentry category-aktualnosci category-integracja\">\n\n<div class=\"wp-block-columns alignwide gutenify-section-c713e2b0-494e-11ee-acee-8d3361d44702 is-layout-flex wp-container-core-columns-is-layout-28f84493 wp-block-columns-is-layout-flex gtfy-45 gtfy-46\">\n<div class=\"wp-block-column gutenify-section-c7125c10-494e-11ee-acee-8d3361d44702 is-layout-constrained wp-block-column-is-layout-constrained gtfy-37\" style=\"flex-basis:66.66%\"><figure style=\"height:350px;\" class=\"wp-block-post-featured-image gtfy-36\"><a href=\"https:\/\/www.zsp3katowice.cal24.pl\/sp47\/aktualnosci\/dzien-osob-z-zespolem-downa\/\" target=\"_self\"  style=\"height:350px\"><img loading=\"lazy\" decoding=\"async\" width=\"2048\" height=\"1536\" src=\"https:\/\/www.zsp3katowice.cal24.pl\/sp47\/wp-content\/uploads\/2024\/03\/431398535_8014042658612812_2104734405772134577_n.jpg\" class=\"attachment-post-thumbnail size-post-thumbnail wp-post-image\" alt=\"Dzie\u0144 Os\u00f3b z Zespo\u0142em Downa\" style=\"height:350px;object-fit:cover;\" \/><\/a><\/figure><\/div>\n\n\n\n<div class=\"wp-block-column gutenify-section-c7139490-494e-11ee-acee-8d3361d44702 is-layout-flow wp-block-column-is-layout-flow gtfy-44\" style=\"flex-basis:33.33%\"><h2 style=\"font-size:20px;font-style:normal;font-weight:600;\" class=\"wp-block-post-title gtfy-38\"><a href=\"https:\/\/www.zsp3katowice.cal24.pl\/sp47\/aktualnosci\/dzien-osob-z-zespolem-downa\/\" target=\"_self\" >Dzie\u0144 Os\u00f3b z Zespo\u0142em Downa<\/a><\/h2>\n\n\n<hr class=\"wp-block-separator has-text-color has-primary-color has-alpha-channel-opacity has-primary-background-color has-background is-style-default gutenify-section-c712f850-494e-11ee-acee-8d3361d44702 gtfy-39\"\/>\n\n\n<div class=\"wp-block-post-excerpt gtfy-43\"><p class=\"wp-block-post-excerpt__excerpt\">21 marca to nie tylko Pierwszy Dzie\u0144 Wiosny ale r\u00f3wnie\u017c Dzie\u0144 Os\u00f3b z Zespo\u0142em Downa, [&hellip;]<\/p><p class=\"wp-block-post-excerpt__more-text\"><a class=\"wp-block-post-excerpt__more-link\" href=\"https:\/\/www.zsp3katowice.cal24.pl\/sp47\/aktualnosci\/dzien-osob-z-zespolem-downa\/\">Wi\u0119cej<\/a><\/p><\/div><\/div>\n<\/div>\n\n<\/li><li class=\"wp-block-post post-6192 post type-post status-publish format-standard has-post-thumbnail hentry category-aktualnosci category-integracja\">\n\n<div class=\"wp-block-columns alignwide gutenify-section-c713e2b0-494e-11ee-acee-8d3361d44702 is-layout-flex wp-container-core-columns-is-layout-28f84493 wp-block-columns-is-layout-flex gtfy-60 gtfy-61\">\n<div class=\"wp-block-column gutenify-section-c7125c10-494e-11ee-acee-8d3361d44702 is-layout-constrained wp-block-column-is-layout-constrained gtfy-48\" style=\"flex-basis:66.66%\"><figure style=\"height:350px;\" class=\"wp-block-post-featured-image gtfy-47\"><a href=\"https:\/\/www.zsp3katowice.cal24.pl\/sp47\/aktualnosci\/miedzynarodowy-dzien-osob-niepelnosprawnych\/\" target=\"_self\"  style=\"height:350px\"><img loading=\"lazy\" decoding=\"async\" width=\"1587\" height=\"2245\" src=\"https:\/\/www.zsp3katowice.cal24.pl\/sp47\/wp-content\/uploads\/2023\/12\/3-grudnia-Swiatowy-Dzien-Osob-niepelnosprawnych-1.png\" class=\"attachment-post-thumbnail size-post-thumbnail wp-post-image\" alt=\"Mi\u0119dzynarodowy Dzie\u0144 Os\u00f3b Niepe\u0142nosprawnych\" style=\"height:350px;object-fit:cover;\" srcset=\"https:\/\/www.zsp3katowice.cal24.pl\/sp47\/wp-content\/uploads\/2023\/12\/3-grudnia-Swiatowy-Dzien-Osob-niepelnosprawnych-1.png 1587w, https:\/\/www.zsp3katowice.cal24.pl\/sp47\/wp-content\/uploads\/2023\/12\/3-grudnia-Swiatowy-Dzien-Osob-niepelnosprawnych-1-212x300.png 212w, https:\/\/www.zsp3katowice.cal24.pl\/sp47\/wp-content\/uploads\/2023\/12\/3-grudnia-Swiatowy-Dzien-Osob-niepelnosprawnych-1-724x1024.png 724w, https:\/\/www.zsp3katowice.cal24.pl\/sp47\/wp-content\/uploads\/2023\/12\/3-grudnia-Swiatowy-Dzien-Osob-niepelnosprawnych-1-768x1086.png 768w, https:\/\/www.zsp3katowice.cal24.pl\/sp47\/wp-content\/uploads\/2023\/12\/3-grudnia-Swiatowy-Dzien-Osob-niepelnosprawnych-1-1086x1536.png 1086w, https:\/\/www.zsp3katowice.cal24.pl\/sp47\/wp-content\/uploads\/2023\/12\/3-grudnia-Swiatowy-Dzien-Osob-niepelnosprawnych-1-1448x2048.png 1448w\" sizes=\"auto, (max-width: 1587px) 100vw, 1587px\" \/><\/a><\/figure><\/div>\n\n\n\n<div class=\"wp-block-column gutenify-section-c7139490-494e-11ee-acee-8d3361d44702 is-layout-flow wp-block-column-is-layout-flow gtfy-59\" style=\"flex-basis:33.33%\"><h2 style=\"font-size:20px;font-style:normal;font-weight:600;\" class=\"wp-block-post-title gtfy-49\"><a href=\"https:\/\/www.zsp3katowice.cal24.pl\/sp47\/aktualnosci\/miedzynarodowy-dzien-osob-niepelnosprawnych\/\" target=\"_self\" >Mi\u0119dzynarodowy Dzie\u0144 Os\u00f3b Niepe\u0142nosprawnych<\/a><\/h2>\n\n\n<hr class=\"wp-block-separator has-text-color has-primary-color has-alpha-channel-opacity has-primary-background-color has-background is-style-default gutenify-section-c712f850-494e-11ee-acee-8d3361d44702 gtfy-50\"\/>\n\n\n<div class=\"wp-block-post-excerpt gtfy-58\"><p class=\"wp-block-post-excerpt__excerpt\">3 grudnia na ca\u0142ym \u015bwiecie, a tak\u017ce w Naszej szkole obchodzimy Mi\u0119dzynarodowy Dzie\u0144 Os\u00f3b Niepe\u0142nosprawnych [&hellip;]<\/p><p class=\"wp-block-post-excerpt__more-text\"><a class=\"wp-block-post-excerpt__more-link\" href=\"https:\/\/www.zsp3katowice.cal24.pl\/sp47\/aktualnosci\/miedzynarodowy-dzien-osob-niepelnosprawnych\/\">Wi\u0119cej<\/a><\/p><\/div><\/div>\n<\/div>\n\n<\/li><li class=\"wp-block-post post-5603 post type-post status-publish format-standard has-post-thumbnail hentry category-aktualnosci category-integracja category-k-psychologiczny\">\n\n<div class=\"wp-block-columns alignwide gutenify-section-c713e2b0-494e-11ee-acee-8d3361d44702 is-layout-flex wp-container-core-columns-is-layout-28f84493 wp-block-columns-is-layout-flex gtfy-75 gtfy-76\">\n<div class=\"wp-block-column gutenify-section-c7125c10-494e-11ee-acee-8d3361d44702 is-layout-constrained wp-block-column-is-layout-constrained gtfy-63\" style=\"flex-basis:66.66%\"><figure style=\"height:350px;\" class=\"wp-block-post-featured-image gtfy-62\"><a href=\"https:\/\/www.zsp3katowice.cal24.pl\/sp47\/aktualnosci\/terapia-reki-zajecia\/\" target=\"_self\"  style=\"height:350px\"><img loading=\"lazy\" decoding=\"async\" width=\"1414\" height=\"2000\" src=\"https:\/\/www.zsp3katowice.cal24.pl\/sp47\/wp-content\/uploads\/2023\/10\/terapia-reki.png\" class=\"attachment-post-thumbnail size-post-thumbnail wp-post-image\" alt=\"Terapia r\u0119ki &#8211; zaj\u0119cia\" style=\"height:350px;object-fit:cover;\" srcset=\"https:\/\/www.zsp3katowice.cal24.pl\/sp47\/wp-content\/uploads\/2023\/10\/terapia-reki.png 1414w, https:\/\/www.zsp3katowice.cal24.pl\/sp47\/wp-content\/uploads\/2023\/10\/terapia-reki-212x300.png 212w, https:\/\/www.zsp3katowice.cal24.pl\/sp47\/wp-content\/uploads\/2023\/10\/terapia-reki-724x1024.png 724w, https:\/\/www.zsp3katowice.cal24.pl\/sp47\/wp-content\/uploads\/2023\/10\/terapia-reki-768x1086.png 768w, https:\/\/www.zsp3katowice.cal24.pl\/sp47\/wp-content\/uploads\/2023\/10\/terapia-reki-1086x1536.png 1086w\" sizes=\"auto, (max-width: 1414px) 100vw, 1414px\" \/><\/a><\/figure><\/div>\n\n\n\n<div class=\"wp-block-column gutenify-section-c7139490-494e-11ee-acee-8d3361d44702 is-layout-flow wp-block-column-is-layout-flow gtfy-74\" style=\"flex-basis:33.33%\"><h2 style=\"font-size:20px;font-style:normal;font-weight:600;\" class=\"wp-block-post-title gtfy-64\"><a href=\"https:\/\/www.zsp3katowice.cal24.pl\/sp47\/aktualnosci\/terapia-reki-zajecia\/\" target=\"_self\" >Terapia r\u0119ki &#8211; zaj\u0119cia<\/a><\/h2>\n\n\n<hr class=\"wp-block-separator has-text-color has-primary-color has-alpha-channel-opacity has-primary-background-color has-background is-style-default gutenify-section-c712f850-494e-11ee-acee-8d3361d44702 gtfy-65\"\/>\n\n\n<div class=\"wp-block-post-excerpt gtfy-73\"><p class=\"wp-block-post-excerpt__excerpt\">Poradnia Psychologiczno-Pedagogiczna nr 3 w Katowicach zaprasza na bezp\u0142atn\u0105 terapi\u0119 r\u0119ki. Zaj\u0119cia b\u0119d\u0105 odbywa\u0142y si\u0119 [&hellip;]<\/p><p class=\"wp-block-post-excerpt__more-text\"><a class=\"wp-block-post-excerpt__more-link\" href=\"https:\/\/www.zsp3katowice.cal24.pl\/sp47\/aktualnosci\/terapia-reki-zajecia\/\">Wi\u0119cej<\/a><\/p><\/div><\/div>\n<\/div>\n\n<\/li><\/ul><\/div>\n<\/div>\n","protected":false},"excerpt":{"rendered":"","protected":false},"author":1,"featured_media":0,"parent":0,"menu_order":0,"comment_status":"closed","ping_status":"closed","template":"","meta":{"footnotes":""},"class_list":["post-3021","page","type-page","status-publish","hentry"],"_links":{"self":[{"href":"https:\/\/www.zsp3katowice.cal24.pl\/sp47\/wp-json\/wp\/v2\/pages\/3021","targetHints":{"allow":["GET"]}}],"collection":[{"href":"https:\/\/www.zsp3katowice.cal24.pl\/sp47\/wp-json\/wp\/v2\/pages"}],"about":[{"href":"https:\/\/www.zsp3katowice.cal24.pl\/sp47\/wp-json\/wp\/v2\/types\/page"}],"author":[{"embeddable":true,"href":"https:\/\/www.zsp3katowice.cal24.pl\/sp47\/wp-json\/wp\/v2\/users\/1"}],"replies":[{"embeddable":true,"href":"https:\/\/www.zsp3katowice.cal24.pl\/sp47\/wp-json\/wp\/v2\/comments?post=3021"}],"version-history":[{"count":14,"href":"https:\/\/www.zsp3katowice.cal24.pl\/sp47\/wp-json\/wp\/v2\/pages\/3021\/revisions"}],"predecessor-version":[{"id":6197,"href":"https:\/\/www.zsp3katowice.cal24.pl\/sp47\/wp-json\/wp\/v2\/pages\/3021\/revisions\/6197"}],"wp:attachment":[{"href":"https:\/\/www.zsp3katowice.cal24.pl\/sp47\/wp-json\/wp\/v2\/media?parent=3021"}],"curies":[{"name":"wp","href":"https:\/\/api.w.org\/{rel}","templated":true}]}}