{"id":678,"date":"2022-10-09T04:51:27","date_gmt":"2022-10-09T04:51:27","guid":{"rendered":"http:\/\/www.zsp3katowice.cal24.pl\/sp47\/?page_id=678"},"modified":"2025-10-16T17:16:25","modified_gmt":"2025-10-16T17:16:25","slug":"zajecia-pozalekcyjne","status":"publish","type":"page","link":"https:\/\/www.zsp3katowice.cal24.pl\/sp47\/o-nas-o-szkole\/zajecia-pozalekcyjne\/","title":{"rendered":"Zaj\u0119cia pozalekcyjne"},"content":{"rendered":"<div id=\"fb-root\"><\/div>\n\n<div class=\"wp-block-group gutenify-section-aafd01a0-482d-11ee-8c8e-3b5f0e11b920 is-layout-constrained wp-container-core-group-is-layout-c9115f92 wp-block-group-is-layout-constrained gtfy-2\" style=\"padding-right:var(--wp--preset--spacing--20);padding-left:var(--wp--preset--spacing--20)\">\n<figure class=\"wp-block-table alignwide is-style-stripes gutenify-section-35ab39d0-5778-11ee-bb42-d7afcae4322f gtfy-1\"><table><thead><tr><th>Rodzaj zaj\u0119\u0107 dodatkowych<\/th><th>Prowadz\u0105cy<\/th><th>Dzie\u0144 tygodnia\/godzina<\/th><th>sala<\/th><\/tr><\/thead><tbody><tr><td><strong>\u201eCzytanka dla Przedszkolaka\u201d<\/strong><\/td><td>Agnieszka Czarnota-Pagacz<\/td><td>czwartek(co 2 tygodnie)<br>12.30-13.00<\/td><td>PM 58\/s. 107<\/td><\/tr><tr><td><strong>Spotkania Zarz\u0105du Samorz\u0105du Uczniowskiego<\/strong><\/td><td>Anita Wyderka<br>Magdalena Gamza<\/td><td>wtorek (co 2 tygodnie)<br>14:30-15:30<\/td><td>127<\/td><\/tr><tr><td><strong><br>Ko\u0142o matematyczne dla klasy 8c<\/strong><br><\/td><td>Agnieszka Bielska-Kawecka<\/td><td>poniedzia\u0142ek (raz w miesi\u0105cu)<br>13:45-14:30<\/td><td>208<\/td><\/tr><tr><td><strong>Programowanie z LEGO<\/strong><\/td><td>K. Starzykowska<\/td><td>raz w tygodniu <br>1 godzina<\/td><td>31<\/td><\/tr><tr><td><strong>Zaj\u0119cia artystyczne dla ch\u0119tnych uczni\u00f3w<\/strong><\/td><td>Beata Ziemba<\/td><td>wtorek (co 2 tygodnie)<br>13:45-14:30<\/td><td>8<\/td><\/tr><tr><td><strong>Ko\u0142o Regionalne IV-V<\/strong><\/td><td>Izabela Ogryzek<br>Agnieszka Czarnota-Pagacz<\/td><td>poniedzia\u0142ek<br>13.45-14.30<br><\/td><td>8<\/td><\/tr><tr><td><strong>Ko\u0142o Regionalne I-III<\/strong><\/td><td>Izabela Ogryzek <br>Anna Kahlert<\/td><td>poniedzia\u0142ek<br>12:40-13:25<\/td><td>8<\/td><\/tr><tr><td><strong>Zaj\u0119cia utrwalaj\u0105ce wiadomo\u015bci z j. angielskiego<\/strong><\/td><td>Anna Zbojak<\/td><td>czwartek<br>8.00-8.45<\/td><td>108<\/td><\/tr><tr><td><strong>Zebrania Rady Wolontariatu<\/strong><\/td><td>Magdalena Gamza<br>Katarzyna Kubica<\/td><td> wtorek <br>raz w miesi\u0105cu<br>14:30-15:30<\/td><td>30<\/td><\/tr><\/tbody><\/table><\/figure>\n<\/div>\n\n\n\n<p class=\"gtfy-5\"><\/p>\n","protected":false},"excerpt":{"rendered":"<p>Rodzaj zaj\u0119\u0107 dodatkowych Prowadz\u0105cy Dzie\u0144 tygodnia\/godzina sala \u201eCzytanka dla Przedszkolaka\u201d Agnieszka Czarnota-Pagacz czwartek(co 2 tygodnie)12.30-13.00 [&hellip;]<\/p>\n","protected":false},"author":1,"featured_media":10904,"parent":61,"menu_order":0,"comment_status":"closed","ping_status":"closed","template":"","meta":{"footnotes":""},"class_list":["post-678","page","type-page","status-publish","has-post-thumbnail","hentry"],"_links":{"self":[{"href":"https:\/\/www.zsp3katowice.cal24.pl\/sp47\/wp-json\/wp\/v2\/pages\/678","targetHints":{"allow":["GET"]}}],"collection":[{"href":"https:\/\/www.zsp3katowice.cal24.pl\/sp47\/wp-json\/wp\/v2\/pages"}],"about":[{"href":"https:\/\/www.zsp3katowice.cal24.pl\/sp47\/wp-json\/wp\/v2\/types\/page"}],"author":[{"embeddable":true,"href":"https:\/\/www.zsp3katowice.cal24.pl\/sp47\/wp-json\/wp\/v2\/users\/1"}],"replies":[{"embeddable":true,"href":"https:\/\/www.zsp3katowice.cal24.pl\/sp47\/wp-json\/wp\/v2\/comments?post=678"}],"version-history":[{"count":49,"href":"https:\/\/www.zsp3katowice.cal24.pl\/sp47\/wp-json\/wp\/v2\/pages\/678\/revisions"}],"predecessor-version":[{"id":12104,"href":"https:\/\/www.zsp3katowice.cal24.pl\/sp47\/wp-json\/wp\/v2\/pages\/678\/revisions\/12104"}],"up":[{"embeddable":true,"href":"https:\/\/www.zsp3katowice.cal24.pl\/sp47\/wp-json\/wp\/v2\/pages\/61"}],"wp:featuredmedia":[{"embeddable":true,"href":"https:\/\/www.zsp3katowice.cal24.pl\/sp47\/wp-json\/wp\/v2\/media\/10904"}],"wp:attachment":[{"href":"https:\/\/www.zsp3katowice.cal24.pl\/sp47\/wp-json\/wp\/v2\/media?parent=678"}],"curies":[{"name":"wp","href":"https:\/\/api.w.org\/{rel}","templated":true}]}}